{"id":1090,"date":"2020-10-19T10:29:08","date_gmt":"2020-10-19T13:29:08","guid":{"rendered":"https:\/\/scemt.org\/?page_id=1090"},"modified":"2020-10-19T10:29:10","modified_gmt":"2020-10-19T13:29:10","slug":"19-de-octubre-dia-mundial-de-la-lucha-contra-el-cancer-de-mama","status":"publish","type":"page","link":"https:\/\/scemt.org\/?page_id=1090","title":{"rendered":"19 de Octubre: D\u00eda Mundial de la Lucha contra el C\u00e1ncer de Mama"},"content":{"rendered":"\n<figure class=\"wp-block-image size-large\"><img loading=\"lazy\" decoding=\"async\" width=\"1024\" height=\"1024\" src=\"https:\/\/scemt.org\/wp-content\/uploads\/2020\/10\/1_20201015_180028_0000-1024x1024.png\" alt=\"\" class=\"wp-image-1091\" srcset=\"https:\/\/scemt.org\/wp-content\/uploads\/2020\/10\/1_20201015_180028_0000-1024x1024.png 1024w, https:\/\/scemt.org\/wp-content\/uploads\/2020\/10\/1_20201015_180028_0000-300x300.png 300w, https:\/\/scemt.org\/wp-content\/uploads\/2020\/10\/1_20201015_180028_0000-150x150.png 150w, https:\/\/scemt.org\/wp-content\/uploads\/2020\/10\/1_20201015_180028_0000-768x768.png 768w, https:\/\/scemt.org\/wp-content\/uploads\/2020\/10\/1_20201015_180028_0000-1536x1536.png 1536w, https:\/\/scemt.org\/wp-content\/uploads\/2020\/10\/1_20201015_180028_0000-2048x2048.png 2048w, https:\/\/scemt.org\/wp-content\/uploads\/2020\/10\/1_20201015_180028_0000-160x160.png 160w, https:\/\/scemt.org\/wp-content\/uploads\/2020\/10\/1_20201015_180028_0000-320x320.png 320w\" sizes=\"auto, (max-width: 1024px) 100vw, 1024px\" \/><\/figure>\n\n\n<p>El 19 de octubre se conmemora el D\u00eda Mundial de la Lucha Contra el C\u00e1ncer de Mama, una enfermedad en la cual las c\u00e9lulas mamarias se multiplican sin control. El termino hace referencia a un tumor maligno que se ha desarrollado a partir de dichas c\u00e9lulas.<\/p>\n<p>Esta fecha pretende sensibilizar a la poblaci\u00f3n sobre la importancia de la detecci\u00f3n precoz, siendo la sensibilizaci\u00f3n el primer paso en esta batalla, a fin de mejorar el pron\u00f3stico y la supervivencia de los casos de c\u00e1ncer de mama, lo cual sigue siendo la piedra angular de la lucha contra esta enfermedad.<\/p>\n<p>Aunque el c\u00e1ncer de mama ocurre con mayor frecuencia en las mujeres, los hombres tambi\u00e9n pueden padecerlo. <br \/><br \/>Existen distintos tipos de c\u00e1ncer de mama, seg\u00fan la zona que se vea afectada. Partiendo de que puede ser un carcinoma ductal in situ (DCIS) o un carcinoma invasivo. El primero se llama as\u00ed ya que la proliferaci\u00f3n celular maligna que ocurre en el interior del conducto mamario no traspasa la pared del mismo, es decir que no sucede invasi\u00f3n o infiltraci\u00f3n del tejido que lo rodea. Por otro lado, en el caso de el carcinoma invasivo o infiltrante la proliferaci\u00f3n celular maligna traspasa la frontera natural anat\u00f3mica del ducto o el lobulillo, invadiendo as\u00ed el tejido circundante.\u00a0 <br \/><br \/>Generalmente, el c\u00e1ncer de mama se origina en las c\u00e9lulas de los lobulillos, que son las gl\u00e1ndulas productoras de leche, o en los conductos, que son las v\u00edas que transportan la leche desde los lobulillos hasta el pez\u00f3n. Con menos frecuencia, puede originarse en los tejidos estromales, que incluyen a los tejidos conjuntivos grasos y fibrosos de la mama.<\/p>\n<p>Los tipos m\u00e1s comunes de c\u00e1ncer de mama son:<\/p>\n<ul>\n<li>Carcinoma ductal infiltrante: es el tipo m\u00e1s com\u00fan, aproximadamente el 80% de los casos corresponden a este. Las c\u00e9lulas cancer\u00edgenas se originan en los conductos l\u00e1cteos, atraviesan la pared de los mismos e invaden los tejidos de la mama.<\/li>\n<li>Carcinoma lobulillar infiltrante: las c\u00e9lulas cancerosas se originan en los lobulillos de la mama y se diseminan a los tejidos mamarios cercanos.<\/li>\n<\/ul>\n<p>En los dos casos las c\u00e9lulas cancer\u00edgenas pueden invadir el tejido mamario sano circundante y diseminarse fuera de la mama a trav\u00e9s de los vasos sangu\u00edneos y los vasos linf\u00e1ticos. Si estas c\u00e9lulas llegan a los ganglios linf\u00e1ticos, obtienen una puerta de acceso hacia otras partes del cuerpo, cuando esto sucede se dice que el c\u00e1ncer ha hecho met\u00e1stasis. Los estadios del c\u00e1ncer de mama hacen referencia a lo lejos que se han propagado las c\u00e9lulas cancer\u00edgenas m\u00e1s all\u00e1 del tumor original.<\/p>\n<p>Actualmente el c\u00e1ncer de mama es el m\u00e1s frecuente en las mujeres, tanto en los pa\u00edses desarrollados como en desarrollo. La mayor\u00eda de las muertes por c\u00e1ncer de mama se producen en los pa\u00edses de ingresos bajos y medianos, donde gran parte de los casos se diagnostican en un estadio avanzado, sobre todo, por la escasa concienciaci\u00f3n y las barreras que dificultan el acceso a los servicios de salud.<\/p>\n<p>Entre las medidas de prevenci\u00f3n, se recomienda el autoexamen mamario que debe realizarse mensualmente a trav\u00e9s de la observaci\u00f3n y palpaci\u00f3n, que consiste en la b\u00fasqueda de alteraciones tales como la presencia de protuberancias o bultos internos, hendiduras, endurecimientos, dolores sin razones aparentes, pezones retra\u00eddos, piel de naranja, erosiones de la piel, venas crecientes, o secreci\u00f3n anormal fuera del periodo de lactancia por los pezones.<\/p>\n<p>Igualmente, se debe realizar un control ginecol\u00f3gico por lo menos una vez al a\u00f1o, con ex\u00e1menes de mamograf\u00eda y ecograf\u00eda, lo cual es indispensable para asegurar una prevenci\u00f3n integral. Cabe destacar que en caso de que el c\u00e1ncer de mamas sea detectado en las primeras fases, las posibilidades de curaci\u00f3n ascienden a un 97 %.<\/p>\n<p style=\"text-align: center;\"><em>&lt;&lt; Tu lucha es mi lucha. &gt;&gt;<\/em><\/p>","protected":false},"excerpt":{"rendered":"<p>El 19 de octubre se conmemora el D\u00eda Mundial de la Lucha Contra el C\u00e1ncer de Mama, una enfermedad en la cual las c\u00e9lulas mamarias se multiplican sin control. El termino hace referencia a&#46;&#46;&#46;<\/p>\n","protected":false},"author":1,"featured_media":0,"parent":0,"menu_order":0,"comment_status":"closed","ping_status":"closed","template":"","meta":{"_mc_calendar":[],"footnotes":""},"class_list":["post-1090","page","type-page","status-publish","hentry"],"yoast_head":"<!-- This site is optimized with the Yoast SEO plugin v25.2 - https:\/\/yoast.com\/wordpress\/plugins\/seo\/ -->\n<title>19 de Octubre: D\u00eda Mundial de la Lucha contra el C\u00e1ncer de Mama - SCEMT<\/title>\n<meta name=\"robots\" content=\"index, follow, max-snippet:-1, max-image-preview:large, max-video-preview:-1\" \/>\n<link rel=\"canonical\" href=\"https:\/\/scemt.org\/?page_id=1090\" \/>\n<meta property=\"og:locale\" content=\"es_ES\" \/>\n<meta property=\"og:type\" content=\"article\" \/>\n<meta property=\"og:title\" content=\"19 de Octubre: D\u00eda Mundial de la Lucha contra el C\u00e1ncer de Mama - SCEMT\" \/>\n<meta property=\"og:description\" content=\"El 19 de octubre se conmemora el D\u00eda Mundial de la Lucha Contra el C\u00e1ncer de Mama, una enfermedad en la cual las c\u00e9lulas mamarias se multiplican sin control. El termino hace referencia a&#046;&#046;&#046;\" \/>\n<meta property=\"og:url\" content=\"https:\/\/scemt.org\/?page_id=1090\" \/>\n<meta property=\"og:site_name\" content=\"SCEMT\" \/>\n<meta property=\"article:modified_time\" content=\"2020-10-19T13:29:10+00:00\" \/>\n<meta property=\"og:image\" content=\"https:\/\/scemt.org\/wp-content\/uploads\/2020\/10\/1_20201015_180028_0000-1024x1024.png\" \/>\n\t<meta property=\"og:image:width\" content=\"1024\" \/>\n\t<meta property=\"og:image:height\" content=\"1024\" \/>\n\t<meta property=\"og:image:type\" content=\"image\/png\" \/>\n<meta name=\"twitter:card\" content=\"summary_large_image\" \/>\n<meta name=\"twitter:label1\" content=\"Tiempo de lectura\" \/>\n\t<meta name=\"twitter:data1\" content=\"3 minutos\" \/>\n<script type=\"application\/ld+json\" class=\"yoast-schema-graph\">{\"@context\":\"https:\/\/schema.org\",\"@graph\":[{\"@type\":\"WebPage\",\"@id\":\"https:\/\/scemt.org\/?page_id=1090\",\"url\":\"https:\/\/scemt.org\/?page_id=1090\",\"name\":\"19 de Octubre: D\u00eda Mundial de la Lucha contra el C\u00e1ncer de Mama - SCEMT\",\"isPartOf\":{\"@id\":\"https:\/\/scemt.org\/#website\"},\"primaryImageOfPage\":{\"@id\":\"https:\/\/scemt.org\/?page_id=1090#primaryimage\"},\"image\":{\"@id\":\"https:\/\/scemt.org\/?page_id=1090#primaryimage\"},\"thumbnailUrl\":\"https:\/\/scemt.org\/wp-content\/uploads\/2020\/10\/1_20201015_180028_0000-1024x1024.png\",\"datePublished\":\"2020-10-19T13:29:08+00:00\",\"dateModified\":\"2020-10-19T13:29:10+00:00\",\"breadcrumb\":{\"@id\":\"https:\/\/scemt.org\/?page_id=1090#breadcrumb\"},\"inLanguage\":\"es-AR\",\"potentialAction\":[{\"@type\":\"ReadAction\",\"target\":[\"https:\/\/scemt.org\/?page_id=1090\"]}]},{\"@type\":\"ImageObject\",\"inLanguage\":\"es-AR\",\"@id\":\"https:\/\/scemt.org\/?page_id=1090#primaryimage\",\"url\":\"https:\/\/scemt.org\/wp-content\/uploads\/2020\/10\/1_20201015_180028_0000.png\",\"contentUrl\":\"https:\/\/scemt.org\/wp-content\/uploads\/2020\/10\/1_20201015_180028_0000.png\",\"width\":2160,\"height\":2160},{\"@type\":\"BreadcrumbList\",\"@id\":\"https:\/\/scemt.org\/?page_id=1090#breadcrumb\",\"itemListElement\":[{\"@type\":\"ListItem\",\"position\":1,\"name\":\"Inicio\",\"item\":\"https:\/\/scemt.org\/\"},{\"@type\":\"ListItem\",\"position\":2,\"name\":\"19 de Octubre: D\u00eda Mundial de la Lucha contra el C\u00e1ncer de Mama\"}]},{\"@type\":\"WebSite\",\"@id\":\"https:\/\/scemt.org\/#website\",\"url\":\"https:\/\/scemt.org\/\",\"name\":\"SCEMT\",\"description\":\"Sociedad Cient\u00edfica de Estudiantes de Medicina de Tucum\u00e1n\",\"publisher\":{\"@id\":\"https:\/\/scemt.org\/#organization\"},\"potentialAction\":[{\"@type\":\"SearchAction\",\"target\":{\"@type\":\"EntryPoint\",\"urlTemplate\":\"https:\/\/scemt.org\/?s={search_term_string}\"},\"query-input\":{\"@type\":\"PropertyValueSpecification\",\"valueRequired\":true,\"valueName\":\"search_term_string\"}}],\"inLanguage\":\"es-AR\"},{\"@type\":\"Organization\",\"@id\":\"https:\/\/scemt.org\/#organization\",\"name\":\"SCEMT\",\"url\":\"https:\/\/scemt.org\/\",\"logo\":{\"@type\":\"ImageObject\",\"inLanguage\":\"es-AR\",\"@id\":\"https:\/\/scemt.org\/#\/schema\/logo\/image\/\",\"url\":\"https:\/\/scemt.org\/wp-content\/uploads\/2023\/03\/Logo-SCEMT.png\",\"contentUrl\":\"https:\/\/scemt.org\/wp-content\/uploads\/2023\/03\/Logo-SCEMT.png\",\"width\":3794,\"height\":4393,\"caption\":\"SCEMT\"},\"image\":{\"@id\":\"https:\/\/scemt.org\/#\/schema\/logo\/image\/\"}}]}<\/script>\n<!-- \/ Yoast SEO plugin. -->","yoast_head_json":{"title":"19 de Octubre: D\u00eda Mundial de la Lucha contra el C\u00e1ncer de Mama - SCEMT","robots":{"index":"index","follow":"follow","max-snippet":"max-snippet:-1","max-image-preview":"max-image-preview:large","max-video-preview":"max-video-preview:-1"},"canonical":"https:\/\/scemt.org\/?page_id=1090","og_locale":"es_ES","og_type":"article","og_title":"19 de Octubre: D\u00eda Mundial de la Lucha contra el C\u00e1ncer de Mama - SCEMT","og_description":"El 19 de octubre se conmemora el D\u00eda Mundial de la Lucha Contra el C\u00e1ncer de Mama, una enfermedad en la cual las c\u00e9lulas mamarias se multiplican sin control. El termino hace referencia a&#46;&#46;&#46;","og_url":"https:\/\/scemt.org\/?page_id=1090","og_site_name":"SCEMT","article_modified_time":"2020-10-19T13:29:10+00:00","og_image":[{"width":1024,"height":1024,"url":"https:\/\/scemt.org\/wp-content\/uploads\/2020\/10\/1_20201015_180028_0000-1024x1024.png","type":"image\/png"}],"twitter_card":"summary_large_image","twitter_misc":{"Tiempo de lectura":"3 minutos"},"schema":{"@context":"https:\/\/schema.org","@graph":[{"@type":"WebPage","@id":"https:\/\/scemt.org\/?page_id=1090","url":"https:\/\/scemt.org\/?page_id=1090","name":"19 de Octubre: D\u00eda Mundial de la Lucha contra el C\u00e1ncer de Mama - SCEMT","isPartOf":{"@id":"https:\/\/scemt.org\/#website"},"primaryImageOfPage":{"@id":"https:\/\/scemt.org\/?page_id=1090#primaryimage"},"image":{"@id":"https:\/\/scemt.org\/?page_id=1090#primaryimage"},"thumbnailUrl":"https:\/\/scemt.org\/wp-content\/uploads\/2020\/10\/1_20201015_180028_0000-1024x1024.png","datePublished":"2020-10-19T13:29:08+00:00","dateModified":"2020-10-19T13:29:10+00:00","breadcrumb":{"@id":"https:\/\/scemt.org\/?page_id=1090#breadcrumb"},"inLanguage":"es-AR","potentialAction":[{"@type":"ReadAction","target":["https:\/\/scemt.org\/?page_id=1090"]}]},{"@type":"ImageObject","inLanguage":"es-AR","@id":"https:\/\/scemt.org\/?page_id=1090#primaryimage","url":"https:\/\/scemt.org\/wp-content\/uploads\/2020\/10\/1_20201015_180028_0000.png","contentUrl":"https:\/\/scemt.org\/wp-content\/uploads\/2020\/10\/1_20201015_180028_0000.png","width":2160,"height":2160},{"@type":"BreadcrumbList","@id":"https:\/\/scemt.org\/?page_id=1090#breadcrumb","itemListElement":[{"@type":"ListItem","position":1,"name":"Inicio","item":"https:\/\/scemt.org\/"},{"@type":"ListItem","position":2,"name":"19 de Octubre: D\u00eda Mundial de la Lucha contra el C\u00e1ncer de Mama"}]},{"@type":"WebSite","@id":"https:\/\/scemt.org\/#website","url":"https:\/\/scemt.org\/","name":"SCEMT","description":"Sociedad Cient\u00edfica de Estudiantes de Medicina de Tucum\u00e1n","publisher":{"@id":"https:\/\/scemt.org\/#organization"},"potentialAction":[{"@type":"SearchAction","target":{"@type":"EntryPoint","urlTemplate":"https:\/\/scemt.org\/?s={search_term_string}"},"query-input":{"@type":"PropertyValueSpecification","valueRequired":true,"valueName":"search_term_string"}}],"inLanguage":"es-AR"},{"@type":"Organization","@id":"https:\/\/scemt.org\/#organization","name":"SCEMT","url":"https:\/\/scemt.org\/","logo":{"@type":"ImageObject","inLanguage":"es-AR","@id":"https:\/\/scemt.org\/#\/schema\/logo\/image\/","url":"https:\/\/scemt.org\/wp-content\/uploads\/2023\/03\/Logo-SCEMT.png","contentUrl":"https:\/\/scemt.org\/wp-content\/uploads\/2023\/03\/Logo-SCEMT.png","width":3794,"height":4393,"caption":"SCEMT"},"image":{"@id":"https:\/\/scemt.org\/#\/schema\/logo\/image\/"}}]}},"jetpack_sharing_enabled":true,"_links":{"self":[{"href":"https:\/\/scemt.org\/index.php?rest_route=\/wp\/v2\/pages\/1090","targetHints":{"allow":["GET"]}}],"collection":[{"href":"https:\/\/scemt.org\/index.php?rest_route=\/wp\/v2\/pages"}],"about":[{"href":"https:\/\/scemt.org\/index.php?rest_route=\/wp\/v2\/types\/page"}],"author":[{"embeddable":true,"href":"https:\/\/scemt.org\/index.php?rest_route=\/wp\/v2\/users\/1"}],"replies":[{"embeddable":true,"href":"https:\/\/scemt.org\/index.php?rest_route=%2Fwp%2Fv2%2Fcomments&post=1090"}],"version-history":[{"count":1,"href":"https:\/\/scemt.org\/index.php?rest_route=\/wp\/v2\/pages\/1090\/revisions"}],"predecessor-version":[{"id":1092,"href":"https:\/\/scemt.org\/index.php?rest_route=\/wp\/v2\/pages\/1090\/revisions\/1092"}],"wp:attachment":[{"href":"https:\/\/scemt.org\/index.php?rest_route=%2Fwp%2Fv2%2Fmedia&parent=1090"}],"curies":[{"name":"wp","href":"https:\/\/api.w.org\/{rel}","templated":true}]}}