{"id":367,"date":"2020-03-20T22:13:23","date_gmt":"2020-03-21T01:13:23","guid":{"rendered":"https:\/\/scemt.org\/?page_id=367"},"modified":"2021-04-08T14:27:12","modified_gmt":"2021-04-08T17:27:12","slug":"comites","status":"publish","type":"page","link":"https:\/\/scemt.org\/?page_id=367","title":{"rendered":"Comit\u00e9s"},"content":{"rendered":"<h2 style=\"text-align: center;\"><span style=\"color: #003366;\"><u>Comit\u00e9 Cient\u00edfico<\/u><\/span><\/h2>\n<hr \/>\n<p>En este Comit\u00e9 nos encargamos de la planificaci\u00f3n y organizaci\u00f3n \u00a0de los principales eventos llevados a cabo por la SCEMT.\u00a0 Adem\u00e1s de la formaci\u00f3n de nuestros miembros y socios con clases distribuidas durante el a\u00f1o, coordinamos un Sistema de Tutor\u00edas para que mediante el intercambio\u00a0 de conocimientos y apoyo, los miembros acompa\u00f1en a quienes se acercan a nosotros en la realizaci\u00f3n de sus trabajos de Investigaci\u00f3n. \u00a0El comit\u00e9, tambi\u00e9n participa activamente en actividades de la Federaci\u00f3n Argentina Cient\u00edfica de Estudiantes de la Salud (FACES). \u00a0En profundidad el comit\u00e9 se encarga de:<\/p>\n<ul>\n<li><strong><em>Curso de Elaboraci\u00f3n de Protocolo Cient\u00edfico e Informe Final<\/em><\/strong>: incluye elaborar un cronograma de las clases y contactar a los posibles disertantes para cada una de ellas.<\/li>\n<\/ul>\n<ul>\n<li><strong><em>ENCUENTRO CIENT\u00cdFICO<\/em><\/strong>: Es un evento destacado de la SCEMT, incluye divulgar las bases y condiciones para la presentaci\u00f3n del protocolo de Investigaci\u00f3n. Realizamos la recepci\u00f3n de la documentaci\u00f3n requerida; nos encargamos de contactar al jurado para dicho evento y coordinarlo mediante la presencia de miembros del Comit\u00e9 durante los distintos bloques de exposici\u00f3n.<\/li>\n<\/ul>\n<ul>\n<li><strong><em>JORNADAS CIENT\u00cdFICAS<\/em><\/strong>: es quiz\u00e1s el evento m\u00e1s importante donde se ven los resultados de un a\u00f1o de largo trabajo y esfuerzo. Las tareas pertinentes al comit\u00e9 son similares a las desarrolladas durante el Encuentro Cient\u00edfico.<\/li>\n<\/ul>\n<ul>\n<li><strong><em>Sistema de Tutor\u00edas<\/em><\/strong>: Acercamos una formaci\u00f3n constante a cada miembro parte y realizamos la distribuci\u00f3n de los equipos de tutores entre los grupos de trabajo formado por socios aspirantes.<\/li>\n<\/ul>\n<ul>\n<li><em><strong>FACES<\/strong><\/em>: Tenemos una participaci\u00f3n activa dentro del comit\u00e9 cient\u00edfico de la Federaci\u00f3n, realizamos difusi\u00f3n de proyectos generados desde el mismo (becas, pasant\u00edas, cursos, etc.) y de esa manera los ponemos a disponibilidad de nuestros socios, y tambi\u00e9n trabajamos en el bolet\u00edn \u201cMater Ciencia\u201d.<\/li>\n<\/ul>\n<hr \/>\n<h2 style=\"text-align: center;\"><span style=\"color: #003366;\"><u>Comit\u00e9 Planeamiento<\/u><\/span><\/h2>\n<hr \/>\n<p>Este comit\u00e9 se encarga de la log\u00edstica de todas las actividades que la SCEMT desarrolla a lo largo del a\u00f1o, entre otras funciones. Nuestras tareas engloban lo siguiente:<\/p>\n<ul>\n<li>\n<p><em><strong><u>Proveer de espacios f\u00edsicos<\/u><\/strong><\/em>: obtener en tiempo y forma las aulas, anfiteatros, salones, etc. en donde se dictan los diferentes cursos, talleres, charlas y dem\u00e1s, es una de nuestras principales tareas. Actualmente, en medio de la situaci\u00f3n pand\u00e9mica que estamos atravesando, esa tarea se reemplaza por la generaci\u00f3n de links de salas para reuniones online.<\/p>\n<\/li>\n<li>\n<p><u><em><strong>Proveer de materiale<\/strong><\/em>s<\/u>: est\u00e1 a nuestro cargo el conseguir los diferentes elementos que los comit\u00e9s, estamentos o disertantes necesiten para desarrollar sus actividades.<\/p>\n<\/li>\n<li>\n<p><em><strong><u>Cuidar de la Sede<\/u><\/strong><\/em>: la sede es el lugar donde se guardan gran cantidad de materiales de la SCEMT como ser los porta-posters, elementos de RRPP, etc. Llevar un inventario de lo que est\u00e1 en ella, se saca o se deja, es nuestro trabajo.<\/p>\n<\/li>\n<li>\n<p><strong><em><u>Manejo de Posters<\/u><\/em><\/strong>: esta tarea se lleva a cabo previamente al Encuentro Cient\u00edfico del NOA y es, b\u00e1sicamente, recibir, clasificar, montar y devolver los posters con los que los socios realizaran la presentaci\u00f3n de sus protocolos durante el mencionado evento. Gracias a la situaci\u00f3n epidemiol\u00f3gica que estamos viviendo, esta tarea es reemplazada por la recepci\u00f3n de PowerPoints a trav\u00e9s del mail del comit\u00e9, tarea que tambi\u00e9n se realiza previo a las Jornadas Cient\u00edficas de Estudiantes de Medicina de Tucum\u00e1n.<\/p>\n<\/li>\n<li>\n<p><em><strong><u>Organizaci\u00f3n del viaje a CoCAEM<\/u><\/strong><\/em>: nos encargamos de conseguir el medio de transporte y el lugar de estad\u00eda para poder asistir a este congreso nacional, siempre priorizando el confort que merecen quienes nos eligen para realizar esta traves\u00eda.<\/p>\n<\/li>\n<li>\n<p><strong><em><u>Manejo de PowerPoints<\/u><\/em><\/strong>: por medio de esta tarea nos encargamos de recibir, chequear y proyectar los PPT que los socios usaran para presentar sus protocolos y trabajos de investigaci\u00f3n durante los eventos de Encuentro y Jornadas, respectivamente.<\/p>\n<\/li>\n<li>\n<p><strong><em><u>Manejo de Publicidad<\/u><\/em><\/strong>: durante los periodos de descanso entre bloques de presentaci\u00f3n en Encuentro y Jornadas, proyectamos publicidad de las diferentes entidades que auspician dichos eventos y\/o premios.<\/p>\n<\/li>\n<li><strong><em><u>Protocolo SARSCOV2<\/u><\/em><\/strong>: en caso de llevarse a cabo eventos presenciales, es responsabilidad de este comit\u00e9 asegurarse de que lo establecido en el protocolo de la SCEMT se cumpla.<\/li>\n<\/ul>\n<p>Quiz\u00e1s pueda parecerte mucho trabajo, pero si prestas atenci\u00f3n, ver\u00e1s que en realidad nuestra labor es necesaria en momentos claves del cronograma de actividades de SCEMT, adem\u00e1s de que se trata en gran medida de organizaci\u00f3n previa a los diferentes eventos. As\u00ed que, si eres una persona organizada y con capacidad resolutiva a las adversidades, te esperamos en este comit\u00e9.<\/p>\n<p style=\"text-align: center;\"><em>\u00a1Bienvenido al Comit\u00e9 de Planeamiento!<\/em><\/p>\n<hr \/>\n<h2 style=\"text-align: center;\"><span style=\"color: #003366;\"><u>Comit\u00e9 de Prensa<\/u> y <u>Difusi\u00f3n<\/u><\/span><\/h2>\n<hr \/>\n<p>Este comit\u00e9 es el encargado de ser el nexo entre SCEMT y el mundo, y aunque el nombre no lo diga, tambi\u00e9n nos encargamos del dise\u00f1o de varias cosas. Nuestras tareas engloban lo siguiente:<\/p>\n<ul>\n<li><strong><em><u>Administrar las redes sociales y p\u00e1<\/u><\/em><\/strong><strong><em>g<u>ina web<\/u><\/em><\/strong>: cada post que ustedes ven en Instagram, Facebook, Twitter y nuestra p\u00e1gina oficial, est\u00e1 a nuestro cargo, as\u00ed como el dise\u00f1o de cada una de esas im\u00e1genes.<\/li>\n<\/ul>\n<ul>\n<li><strong><em><u>Difundir todas las actividades de la sociedad<\/u><\/em><\/strong>: \u00bfQui\u00e9n dijo que ser chusma estaba mal? Que el mundo se entere lo que SCEMT hace d\u00eda a d\u00eda es nuestro objetivo. Esto lo hacemos por medio de las redes sociales y la p\u00e1gina web.<\/li>\n<\/ul>\n<ul>\n<li><strong><em><u>Realizar un registro fotogr\u00e1fico de todos los eventos llevados a cabo por la sociedad<\/u><\/em><\/strong>: los \u201craros\u201d con celulares que les apuntan todo el tiempo somos nosotros. Es tarea fundamental de este comit\u00e9 tomar fotograf\u00edas de todo y todos, como as\u00ed tambi\u00e9n editarlas en sentido de iluminaci\u00f3n, contraste, etc. para que se vean mejor.<\/li>\n<\/ul>\n<ul>\n<li><strong><em><u>Dise\u00f1ar las efem\u00e9rides<\/u><\/em><\/strong>: si nos sigues en nuestras redes, te habr\u00e1s dado cuenta que jam\u00e1s falta una imagen que haga alusi\u00f3n a un d\u00eda en que se recuerda o conmemora algo. Bueno, crearlas y hacer una investigaci\u00f3n sobre el por qu\u00e9 de ese d\u00eda es nuestro trabajo, despu\u00e9s de todo, somos prensa.<\/li>\n<\/ul>\n<ul>\n<li><strong><em><u>Dise\u00f1ar certificados<\/u><\/em><\/strong>: ese tan deseado papel por el cual asisten a nuestras clases, cursos, talleres y dem\u00e1s eventos, tambi\u00e9n est\u00e1 a nuestro cargo.<\/li>\n<\/ul>\n<ul>\n<li><strong><em><u>Dise\u00f1ar<\/u><\/em><\/strong><strong><em> g<u>afetes y credenciales<\/u><\/em><\/strong>: si alguna vez asistieron a nuestros eventos clave del a\u00f1o (Encuentro y Jornada), de seguro vieron que todos aquellos que ayudan con la organizaci\u00f3n llevan consigo una identificaci\u00f3n. Pues bien, que la misma sea presentable y d\u00e9 la informaci\u00f3n necesaria es nuestro trabajo.<\/li>\n<\/ul>\n<ul>\n<li><strong><em><u>Dise\u00f1ar el libro de res\u00famenes<\/u><\/em><\/strong>: \u00bfQu\u00e9 es un libro de res\u00famenes? Bien, es como una revista (de hecho, se publica en la revista oficial de SCEMT, la cual se llama \u201cSCEMT\u00edfica\u201d) y contiene los res\u00famenes de protocolos y trabajos de investigaci\u00f3n que se presentan en Encuentro y Jornada, tambi\u00e9n tiene informaci\u00f3n de la Comisi\u00f3n Directiva, de qui\u00e9nes ayudaron en la organizaci\u00f3n, jurado, etc.<\/li>\n<\/ul>\n<p>Quiz\u00e1s creas que necesitas tener much\u00edsimo conocimiento en programas de edici\u00f3n de imagen para estar en este comit\u00e9 pero te aseguramos que no es as\u00ed. Si tienes ese conocimiento \u00a1Excelente! Pero si te interesa aprender, con mucho gusto te vamos a instruir. Despu\u00e9s de todo, lo que realmente importa son las ganas de trabajar y divertirnos como equipo.<\/p>\n<p style=\"text-align: center;\"><em>\u00a1Bienvenidos al Comit\u00e9 de Prensa y Difusi\u00f3n!<\/em><\/p>\n<hr \/>\n<h2 style=\"text-align: center;\"><span style=\"color: #003366;\"><u>Comit\u00e9 de Relaciones P\u00fablicas<\/u><\/span><\/h2>\n<hr \/>\n<p>En este comit\u00e9 nos encargamos de ser la carta de presentaci\u00f3n de SCEMT a merced de sus socios, de todos los estudiantes, como as\u00ed tambi\u00e9n ante las autoridades de la UNT y dem\u00e1s instituciones allegadas, estando a disposici\u00f3n de los mismos y siendo capaces de ofrecer todo lo que est\u00e1 a nuestro alcance contribuyendo a una mejor atenci\u00f3n.<\/p>\n<p>Dentro de las actividades habituales que realizamos:<\/p>\n<ul>\n<li>Nos encargamos de coordinar eventos en conjunto con los dem\u00e1s comit\u00e9s.<\/li>\n<\/ul>\n<ul>\n<li>Realizamos el lunch y coffe break.<\/li>\n<\/ul>\n<ul>\n<li>Brindamos atenci\u00f3n a los socios activos y aspirantes durante las clases de metodolog\u00eda y dem\u00e1s eventos organizados durante el a\u00f1o.<\/li>\n<\/ul>\n<ul>\n<li>Atendemos a los disertantes y jurados (profesionales de la salud que se encargan de dictar las clases y corregir los trabajos de investigaci\u00f3n respectivamente).<\/li>\n<\/ul>\n<ul>\n<li>Buscamos los premios para los ganadores a los mejores trabajos cient\u00edficos y mejor p\u00f3ster en el contexto del encuentro cient\u00edfico y las jornadas de investigaci\u00f3n.<\/li>\n<\/ul>\n<ul>\n<li>Adem\u00e1s somos los responsables de generar nexos entre SCEMT y diferentes laboratorios, obras sociales u organizaciones dedicadas a la ciencia e investigaci\u00f3n.<\/li>\n<\/ul>\n<hr \/>\n<h2 style=\"text-align: center;\"><span style=\"color: #003366;\"><u>Comit\u00e9 Sociocultural<\/u><\/span><\/h2>\n<hr \/>\n<p>En el comit\u00e9 sociocultural, como la palabra lo dice, nos encargamos de dos aspectos: uno Social y otro Cultural.<\/p>\n<p>Cuando hablamos de lo <em>social<\/em> nos referimos a generar los espacios para compartir entre los socios. Por ejemplo, convivencias, reuniones, salidas al aire libre, etc. Este eje es sumamente \u00fatil para los socios, pues a trav\u00e9s del mismo, podemos compartir conocimientos, historias y hasta encontrar cosas en com\u00fan con otras personas. Creemos que estas actividades son fundamentales porque descubrimos en los dem\u00e1s herramientas, consejos y otros puntos de vista que nos pueden enriquecer en lo personal y en lo acad\u00e9mico.<\/p>\n<p>Con respecto a la parte <em>cultural<\/em>, somos los responsables de la organizaci\u00f3n de actividades que hagan crecer a la sociedad y sus miembros culturalmente; ya sea que el socio aprenda un tema o pueda enriquecer sus conocimientos previos. Ejemplos de esto son las charlas, cursos, talleres y disertaciones. Nos encargamos de hacer posible el contacto de profesionales en diferentes temas y lograr que ellos asistan a SCEMT desde su especialidad.<\/p>\n<p>Por otro lado, tambi\u00e9n somos los encargados de redactar y solicitar avales para las actividades mencionadas, para que las mismas tengan validez y puedan ser certificadas a los participantes.<\/p>\n\n\n<p><\/p>\n","protected":false},"excerpt":{"rendered":"<p>Comit\u00e9 Cient\u00edfico En este Comit\u00e9 nos encargamos de la planificaci\u00f3n y organizaci\u00f3n \u00a0de los principales eventos llevados a cabo por la SCEMT.\u00a0 Adem\u00e1s de la formaci\u00f3n de nuestros miembros y socios con clases distribuidas&#46;&#46;&#46;<\/p>\n","protected":false},"author":1,"featured_media":0,"parent":0,"menu_order":0,"comment_status":"closed","ping_status":"closed","template":"","meta":{"_mc_calendar":[],"footnotes":""},"class_list":["post-367","page","type-page","status-publish","hentry"],"yoast_head":"<!-- This site is optimized with the Yoast SEO plugin v25.2 - https:\/\/yoast.com\/wordpress\/plugins\/seo\/ -->\n<title>Comit\u00e9s - SCEMT<\/title>\n<meta name=\"robots\" content=\"index, follow, max-snippet:-1, max-image-preview:large, max-video-preview:-1\" \/>\n<link rel=\"canonical\" href=\"https:\/\/scemt.org\/?page_id=367\" \/>\n<meta property=\"og:locale\" content=\"es_ES\" \/>\n<meta property=\"og:type\" content=\"article\" \/>\n<meta property=\"og:title\" content=\"Comit\u00e9s - SCEMT\" \/>\n<meta property=\"og:description\" content=\"Comit\u00e9 Cient\u00edfico En este Comit\u00e9 nos encargamos de la planificaci\u00f3n y organizaci\u00f3n \u00a0de los principales eventos llevados a cabo por la SCEMT.\u00a0 Adem\u00e1s de la formaci\u00f3n de nuestros miembros y socios con clases distribuidas&#046;&#046;&#046;\" \/>\n<meta property=\"og:url\" content=\"https:\/\/scemt.org\/?page_id=367\" \/>\n<meta property=\"og:site_name\" content=\"SCEMT\" \/>\n<meta property=\"article:modified_time\" content=\"2021-04-08T17:27:12+00:00\" \/>\n<meta name=\"twitter:card\" content=\"summary_large_image\" \/>\n<meta name=\"twitter:label1\" content=\"Tiempo de lectura\" \/>\n\t<meta name=\"twitter:data1\" content=\"8 minutos\" \/>\n<script type=\"application\/ld+json\" class=\"yoast-schema-graph\">{\"@context\":\"https:\/\/schema.org\",\"@graph\":[{\"@type\":\"WebPage\",\"@id\":\"https:\/\/scemt.org\/?page_id=367\",\"url\":\"https:\/\/scemt.org\/?page_id=367\",\"name\":\"Comit\u00e9s - SCEMT\",\"isPartOf\":{\"@id\":\"https:\/\/scemt.org\/#website\"},\"datePublished\":\"2020-03-21T01:13:23+00:00\",\"dateModified\":\"2021-04-08T17:27:12+00:00\",\"breadcrumb\":{\"@id\":\"https:\/\/scemt.org\/?page_id=367#breadcrumb\"},\"inLanguage\":\"es-AR\",\"potentialAction\":[{\"@type\":\"ReadAction\",\"target\":[\"https:\/\/scemt.org\/?page_id=367\"]}]},{\"@type\":\"BreadcrumbList\",\"@id\":\"https:\/\/scemt.org\/?page_id=367#breadcrumb\",\"itemListElement\":[{\"@type\":\"ListItem\",\"position\":1,\"name\":\"Inicio\",\"item\":\"https:\/\/scemt.org\/\"},{\"@type\":\"ListItem\",\"position\":2,\"name\":\"Comit\u00e9s\"}]},{\"@type\":\"WebSite\",\"@id\":\"https:\/\/scemt.org\/#website\",\"url\":\"https:\/\/scemt.org\/\",\"name\":\"SCEMT\",\"description\":\"Sociedad Cient\u00edfica de Estudiantes de Medicina de Tucum\u00e1n\",\"publisher\":{\"@id\":\"https:\/\/scemt.org\/#organization\"},\"potentialAction\":[{\"@type\":\"SearchAction\",\"target\":{\"@type\":\"EntryPoint\",\"urlTemplate\":\"https:\/\/scemt.org\/?s={search_term_string}\"},\"query-input\":{\"@type\":\"PropertyValueSpecification\",\"valueRequired\":true,\"valueName\":\"search_term_string\"}}],\"inLanguage\":\"es-AR\"},{\"@type\":\"Organization\",\"@id\":\"https:\/\/scemt.org\/#organization\",\"name\":\"SCEMT\",\"url\":\"https:\/\/scemt.org\/\",\"logo\":{\"@type\":\"ImageObject\",\"inLanguage\":\"es-AR\",\"@id\":\"https:\/\/scemt.org\/#\/schema\/logo\/image\/\",\"url\":\"https:\/\/scemt.org\/wp-content\/uploads\/2023\/03\/Logo-SCEMT.png\",\"contentUrl\":\"https:\/\/scemt.org\/wp-content\/uploads\/2023\/03\/Logo-SCEMT.png\",\"width\":3794,\"height\":4393,\"caption\":\"SCEMT\"},\"image\":{\"@id\":\"https:\/\/scemt.org\/#\/schema\/logo\/image\/\"}}]}<\/script>\n<!-- \/ Yoast SEO plugin. -->","yoast_head_json":{"title":"Comit\u00e9s - SCEMT","robots":{"index":"index","follow":"follow","max-snippet":"max-snippet:-1","max-image-preview":"max-image-preview:large","max-video-preview":"max-video-preview:-1"},"canonical":"https:\/\/scemt.org\/?page_id=367","og_locale":"es_ES","og_type":"article","og_title":"Comit\u00e9s - SCEMT","og_description":"Comit\u00e9 Cient\u00edfico En este Comit\u00e9 nos encargamos de la planificaci\u00f3n y organizaci\u00f3n \u00a0de los principales eventos llevados a cabo por la SCEMT.\u00a0 Adem\u00e1s de la formaci\u00f3n de nuestros miembros y socios con clases distribuidas&#46;&#46;&#46;","og_url":"https:\/\/scemt.org\/?page_id=367","og_site_name":"SCEMT","article_modified_time":"2021-04-08T17:27:12+00:00","twitter_card":"summary_large_image","twitter_misc":{"Tiempo de lectura":"8 minutos"},"schema":{"@context":"https:\/\/schema.org","@graph":[{"@type":"WebPage","@id":"https:\/\/scemt.org\/?page_id=367","url":"https:\/\/scemt.org\/?page_id=367","name":"Comit\u00e9s - SCEMT","isPartOf":{"@id":"https:\/\/scemt.org\/#website"},"datePublished":"2020-03-21T01:13:23+00:00","dateModified":"2021-04-08T17:27:12+00:00","breadcrumb":{"@id":"https:\/\/scemt.org\/?page_id=367#breadcrumb"},"inLanguage":"es-AR","potentialAction":[{"@type":"ReadAction","target":["https:\/\/scemt.org\/?page_id=367"]}]},{"@type":"BreadcrumbList","@id":"https:\/\/scemt.org\/?page_id=367#breadcrumb","itemListElement":[{"@type":"ListItem","position":1,"name":"Inicio","item":"https:\/\/scemt.org\/"},{"@type":"ListItem","position":2,"name":"Comit\u00e9s"}]},{"@type":"WebSite","@id":"https:\/\/scemt.org\/#website","url":"https:\/\/scemt.org\/","name":"SCEMT","description":"Sociedad Cient\u00edfica de Estudiantes de Medicina de Tucum\u00e1n","publisher":{"@id":"https:\/\/scemt.org\/#organization"},"potentialAction":[{"@type":"SearchAction","target":{"@type":"EntryPoint","urlTemplate":"https:\/\/scemt.org\/?s={search_term_string}"},"query-input":{"@type":"PropertyValueSpecification","valueRequired":true,"valueName":"search_term_string"}}],"inLanguage":"es-AR"},{"@type":"Organization","@id":"https:\/\/scemt.org\/#organization","name":"SCEMT","url":"https:\/\/scemt.org\/","logo":{"@type":"ImageObject","inLanguage":"es-AR","@id":"https:\/\/scemt.org\/#\/schema\/logo\/image\/","url":"https:\/\/scemt.org\/wp-content\/uploads\/2023\/03\/Logo-SCEMT.png","contentUrl":"https:\/\/scemt.org\/wp-content\/uploads\/2023\/03\/Logo-SCEMT.png","width":3794,"height":4393,"caption":"SCEMT"},"image":{"@id":"https:\/\/scemt.org\/#\/schema\/logo\/image\/"}}]}},"jetpack_sharing_enabled":true,"_links":{"self":[{"href":"https:\/\/scemt.org\/index.php?rest_route=\/wp\/v2\/pages\/367","targetHints":{"allow":["GET"]}}],"collection":[{"href":"https:\/\/scemt.org\/index.php?rest_route=\/wp\/v2\/pages"}],"about":[{"href":"https:\/\/scemt.org\/index.php?rest_route=\/wp\/v2\/types\/page"}],"author":[{"embeddable":true,"href":"https:\/\/scemt.org\/index.php?rest_route=\/wp\/v2\/users\/1"}],"replies":[{"embeddable":true,"href":"https:\/\/scemt.org\/index.php?rest_route=%2Fwp%2Fv2%2Fcomments&post=367"}],"version-history":[{"count":10,"href":"https:\/\/scemt.org\/index.php?rest_route=\/wp\/v2\/pages\/367\/revisions"}],"predecessor-version":[{"id":1257,"href":"https:\/\/scemt.org\/index.php?rest_route=\/wp\/v2\/pages\/367\/revisions\/1257"}],"wp:attachment":[{"href":"https:\/\/scemt.org\/index.php?rest_route=%2Fwp%2Fv2%2Fmedia&parent=367"}],"curies":[{"name":"wp","href":"https:\/\/api.w.org\/{rel}","templated":true}]}}