{"id":39,"date":"2019-09-05T15:48:43","date_gmt":"2019-09-05T18:48:43","guid":{"rendered":"https:\/\/scemt.org\/?page_id=39"},"modified":"2023-04-12T17:51:22","modified_gmt":"2023-04-12T20:51:22","slug":"quienes-somos","status":"publish","type":"page","link":"https:\/\/scemt.org\/?page_id=39","title":{"rendered":"Qui\u00e9nes Somos"},"content":{"rendered":"<p>La\u00a0<strong>Sociedad Cient\u00edfica de Estudiantes de Medicina de Tucum\u00e1n (SCEMT)<\/strong>, fundada el 19 de Septiembre de 1988, es una asociaci\u00f3n apartidaria, sin fines de lucro, que se dedica a fomentar la actividad cient\u00edfica en el grado y a contribuir con el desarrollo de la capacidad de investigaci\u00f3n en los estudiantes, generando espacios de difusi\u00f3n de las investigaciones desarrolladas, dictando actividades de perfeccionamiento y actualizaci\u00f3n permanente.<\/p>\n<p>Adem\u00e1s, la SCEMT se encarga de realizar actividades (charlas, cursos, talleres, etc.) para contribuir con la formaci\u00f3n acad\u00e9mica de todos los estudiantes con lo cual, a futuro, se logra tener profesionales de la salud mejor preparados.<\/p>\n<p>Se encuentra conformada por una comisi\u00f3n directiva, socios activos y aspirantes a socios. Todos estudiantes de Ciencias de la Salud (medicina, bioqu\u00edmica, biotecnolog\u00eda, psicolog\u00eda, veterinaria, kinesiolog\u00eda, odontolog\u00eda, etc.) de la Provincia de Tucum\u00e1n.<\/p>\n<p>Para poder cumplir con su objetivo principal, fomentar la actividad cient\u00edfica, a\u00f1o a a\u00f1o SCEMT desarrolla actividades destinadas a la formaci\u00f3n y a la comunicaci\u00f3n cient\u00edficas, como ser:<\/p>\n<p><strong>\u2022 Clases y Tutor\u00edas:<\/strong>cuyo fin es estimular la producci\u00f3n y revisi\u00f3n de proyectos de investigaci\u00f3n, desarrollar una revisi\u00f3n multidisciplinaria, formativa y constructiva de gran variedad de textos, aprovechando la tecnolog\u00eda para obtener informaci\u00f3n.<\/p>\n<p><strong>\u2022 El Encuentro Cient\u00edfico del NOA para Estudiantes de Ciencias de la Salud: <\/strong>tiene como prop\u00f3sito brindar un espacio en el cual los estudiantes que se inician en la actividad cient\u00edfica expongan sus proyectos de investigaci\u00f3n, adquiriendo tempranamente la experiencia de la comunicaci\u00f3n cient\u00edfica y el intercambio de ideas entre s\u00ed y con personas de mayor experiencia en este campo.<\/p>\n<p><strong>\u2022 Las Jornadas Cient\u00edficas de Estudiantes de Medicina de Tucum\u00e1n: <\/strong>en las cuales los socios tienen la posibilidad de presentar el trabajo realizado a lo largo de todo el a\u00f1o, permitiendo tambi\u00e9n el intercambio de ideas.<\/p>\n<p><strong>\u2022 El Congreso Cient\u00edfico Argentino de Estudiantes de Medicina (CoCAEM): <\/strong>espacio abierto para el intercambio del conocimiento cient\u00edfico, en donde las diferencias entre los estudiantes de distintas carreras y provincias, constituye una mirada multidisciplinaria que favorece la investigaci\u00f3n en el campo de la salud.<\/p>\n<p><strong>\u2022 Cursos de formaci\u00f3n cient\u00edfica y de actualizaci\u00f3n en ciencias de la salud:<\/strong>otorgan herramientas \u00fatiles para el desarrollo de las investigaciones y fortalecen los aprendizajes cl\u00ednicos.<\/p>\n\n<div class=\"wp-block-image\">\n<figure class=\"aligncenter size-large is-resized\"><img loading=\"lazy\" decoding=\"async\" src=\"https:\/\/scemt.org\/wp-content\/uploads\/2020\/04\/Nuevo-Logo-SCEMT-884x1024.png\" alt=\"\" class=\"wp-image-500\" width=\"89\" height=\"104\" srcset=\"https:\/\/scemt.org\/wp-content\/uploads\/2020\/04\/Nuevo-Logo-SCEMT-884x1024.png 884w, https:\/\/scemt.org\/wp-content\/uploads\/2020\/04\/Nuevo-Logo-SCEMT-259x300.png 259w, https:\/\/scemt.org\/wp-content\/uploads\/2020\/04\/Nuevo-Logo-SCEMT-768x889.png 768w, https:\/\/scemt.org\/wp-content\/uploads\/2020\/04\/Nuevo-Logo-SCEMT-1327x1536.png 1327w, https:\/\/scemt.org\/wp-content\/uploads\/2020\/04\/Nuevo-Logo-SCEMT-1769x2048.png 1769w\" sizes=\"auto, (max-width: 89px) 100vw, 89px\" \/><\/figure>\n<\/div>","protected":false},"excerpt":{"rendered":"<p>La\u00a0Sociedad Cient\u00edfica de Estudiantes de Medicina de Tucum\u00e1n (SCEMT), fundada el 19 de Septiembre de 1988, es una asociaci\u00f3n apartidaria, sin fines de lucro, que se dedica a fomentar la actividad cient\u00edfica en el&#46;&#46;&#46;<\/p>\n","protected":false},"author":2,"featured_media":0,"parent":0,"menu_order":0,"comment_status":"closed","ping_status":"closed","template":"","meta":{"_mc_calendar":[],"footnotes":""},"class_list":["post-39","page","type-page","status-publish","hentry"],"yoast_head":"<!-- This site is optimized with the Yoast SEO plugin v25.2 - https:\/\/yoast.com\/wordpress\/plugins\/seo\/ -->\n<title>Qui\u00e9nes Somos - SCEMT<\/title>\n<meta name=\"robots\" content=\"index, follow, max-snippet:-1, max-image-preview:large, max-video-preview:-1\" \/>\n<link rel=\"canonical\" href=\"https:\/\/scemt.org\/?page_id=39\" \/>\n<meta property=\"og:locale\" content=\"es_ES\" \/>\n<meta property=\"og:type\" content=\"article\" \/>\n<meta property=\"og:title\" content=\"Qui\u00e9nes Somos - SCEMT\" \/>\n<meta property=\"og:description\" content=\"La\u00a0Sociedad Cient\u00edfica de Estudiantes de Medicina de Tucum\u00e1n (SCEMT), fundada el 19 de Septiembre de 1988, es una asociaci\u00f3n apartidaria, sin fines de lucro, que se dedica a fomentar la actividad cient\u00edfica en el&#046;&#046;&#046;\" \/>\n<meta property=\"og:url\" content=\"https:\/\/scemt.org\/?page_id=39\" \/>\n<meta property=\"og:site_name\" content=\"SCEMT\" \/>\n<meta property=\"article:modified_time\" content=\"2023-04-12T20:51:22+00:00\" \/>\n<meta property=\"og:image\" content=\"https:\/\/scemt.org\/wp-content\/uploads\/2020\/04\/Nuevo-Logo-SCEMT-884x1024.png\" \/>\n\t<meta property=\"og:image:width\" content=\"884\" \/>\n\t<meta property=\"og:image:height\" content=\"1024\" \/>\n\t<meta property=\"og:image:type\" content=\"image\/png\" \/>\n<meta name=\"twitter:card\" content=\"summary_large_image\" \/>\n<meta name=\"twitter:label1\" content=\"Tiempo de lectura\" \/>\n\t<meta name=\"twitter:data1\" content=\"2 minutos\" \/>\n<script type=\"application\/ld+json\" class=\"yoast-schema-graph\">{\"@context\":\"https:\/\/schema.org\",\"@graph\":[{\"@type\":\"WebPage\",\"@id\":\"https:\/\/scemt.org\/?page_id=39\",\"url\":\"https:\/\/scemt.org\/?page_id=39\",\"name\":\"Qui\u00e9nes Somos - SCEMT\",\"isPartOf\":{\"@id\":\"https:\/\/scemt.org\/#website\"},\"primaryImageOfPage\":{\"@id\":\"https:\/\/scemt.org\/?page_id=39#primaryimage\"},\"image\":{\"@id\":\"https:\/\/scemt.org\/?page_id=39#primaryimage\"},\"thumbnailUrl\":\"https:\/\/scemt.org\/wp-content\/uploads\/2020\/04\/Nuevo-Logo-SCEMT-884x1024.png\",\"datePublished\":\"2019-09-05T18:48:43+00:00\",\"dateModified\":\"2023-04-12T20:51:22+00:00\",\"breadcrumb\":{\"@id\":\"https:\/\/scemt.org\/?page_id=39#breadcrumb\"},\"inLanguage\":\"es-AR\",\"potentialAction\":[{\"@type\":\"ReadAction\",\"target\":[\"https:\/\/scemt.org\/?page_id=39\"]}]},{\"@type\":\"ImageObject\",\"inLanguage\":\"es-AR\",\"@id\":\"https:\/\/scemt.org\/?page_id=39#primaryimage\",\"url\":\"https:\/\/scemt.org\/wp-content\/uploads\/2020\/04\/Nuevo-Logo-SCEMT.png\",\"contentUrl\":\"https:\/\/scemt.org\/wp-content\/uploads\/2020\/04\/Nuevo-Logo-SCEMT.png\",\"width\":3794,\"height\":4393},{\"@type\":\"BreadcrumbList\",\"@id\":\"https:\/\/scemt.org\/?page_id=39#breadcrumb\",\"itemListElement\":[{\"@type\":\"ListItem\",\"position\":1,\"name\":\"Inicio\",\"item\":\"https:\/\/scemt.org\/\"},{\"@type\":\"ListItem\",\"position\":2,\"name\":\"Qui\u00e9nes Somos\"}]},{\"@type\":\"WebSite\",\"@id\":\"https:\/\/scemt.org\/#website\",\"url\":\"https:\/\/scemt.org\/\",\"name\":\"SCEMT\",\"description\":\"\",\"publisher\":{\"@id\":\"https:\/\/scemt.org\/#organization\"},\"potentialAction\":[{\"@type\":\"SearchAction\",\"target\":{\"@type\":\"EntryPoint\",\"urlTemplate\":\"https:\/\/scemt.org\/?s={search_term_string}\"},\"query-input\":{\"@type\":\"PropertyValueSpecification\",\"valueRequired\":true,\"valueName\":\"search_term_string\"}}],\"inLanguage\":\"es-AR\"},{\"@type\":\"Organization\",\"@id\":\"https:\/\/scemt.org\/#organization\",\"name\":\"SCEMT\",\"url\":\"https:\/\/scemt.org\/\",\"logo\":{\"@type\":\"ImageObject\",\"inLanguage\":\"es-AR\",\"@id\":\"https:\/\/scemt.org\/#\/schema\/logo\/image\/\",\"url\":\"https:\/\/scemt.org\/wp-content\/uploads\/2023\/03\/Logo-SCEMT.png\",\"contentUrl\":\"https:\/\/scemt.org\/wp-content\/uploads\/2023\/03\/Logo-SCEMT.png\",\"width\":3794,\"height\":4393,\"caption\":\"SCEMT\"},\"image\":{\"@id\":\"https:\/\/scemt.org\/#\/schema\/logo\/image\/\"}}]}<\/script>\n<!-- \/ Yoast SEO plugin. -->","yoast_head_json":{"title":"Qui\u00e9nes Somos - SCEMT","robots":{"index":"index","follow":"follow","max-snippet":"max-snippet:-1","max-image-preview":"max-image-preview:large","max-video-preview":"max-video-preview:-1"},"canonical":"https:\/\/scemt.org\/?page_id=39","og_locale":"es_ES","og_type":"article","og_title":"Qui\u00e9nes Somos - SCEMT","og_description":"La\u00a0Sociedad Cient\u00edfica de Estudiantes de Medicina de Tucum\u00e1n (SCEMT), fundada el 19 de Septiembre de 1988, es una asociaci\u00f3n apartidaria, sin fines de lucro, que se dedica a fomentar la actividad cient\u00edfica en el&#46;&#46;&#46;","og_url":"https:\/\/scemt.org\/?page_id=39","og_site_name":"SCEMT","article_modified_time":"2023-04-12T20:51:22+00:00","og_image":[{"width":884,"height":1024,"url":"https:\/\/scemt.org\/wp-content\/uploads\/2020\/04\/Nuevo-Logo-SCEMT-884x1024.png","type":"image\/png"}],"twitter_card":"summary_large_image","twitter_misc":{"Tiempo de lectura":"2 minutos"},"schema":{"@context":"https:\/\/schema.org","@graph":[{"@type":"WebPage","@id":"https:\/\/scemt.org\/?page_id=39","url":"https:\/\/scemt.org\/?page_id=39","name":"Qui\u00e9nes Somos - SCEMT","isPartOf":{"@id":"https:\/\/scemt.org\/#website"},"primaryImageOfPage":{"@id":"https:\/\/scemt.org\/?page_id=39#primaryimage"},"image":{"@id":"https:\/\/scemt.org\/?page_id=39#primaryimage"},"thumbnailUrl":"https:\/\/scemt.org\/wp-content\/uploads\/2020\/04\/Nuevo-Logo-SCEMT-884x1024.png","datePublished":"2019-09-05T18:48:43+00:00","dateModified":"2023-04-12T20:51:22+00:00","breadcrumb":{"@id":"https:\/\/scemt.org\/?page_id=39#breadcrumb"},"inLanguage":"es-AR","potentialAction":[{"@type":"ReadAction","target":["https:\/\/scemt.org\/?page_id=39"]}]},{"@type":"ImageObject","inLanguage":"es-AR","@id":"https:\/\/scemt.org\/?page_id=39#primaryimage","url":"https:\/\/scemt.org\/wp-content\/uploads\/2020\/04\/Nuevo-Logo-SCEMT.png","contentUrl":"https:\/\/scemt.org\/wp-content\/uploads\/2020\/04\/Nuevo-Logo-SCEMT.png","width":3794,"height":4393},{"@type":"BreadcrumbList","@id":"https:\/\/scemt.org\/?page_id=39#breadcrumb","itemListElement":[{"@type":"ListItem","position":1,"name":"Inicio","item":"https:\/\/scemt.org\/"},{"@type":"ListItem","position":2,"name":"Qui\u00e9nes Somos"}]},{"@type":"WebSite","@id":"https:\/\/scemt.org\/#website","url":"https:\/\/scemt.org\/","name":"SCEMT","description":"","publisher":{"@id":"https:\/\/scemt.org\/#organization"},"potentialAction":[{"@type":"SearchAction","target":{"@type":"EntryPoint","urlTemplate":"https:\/\/scemt.org\/?s={search_term_string}"},"query-input":{"@type":"PropertyValueSpecification","valueRequired":true,"valueName":"search_term_string"}}],"inLanguage":"es-AR"},{"@type":"Organization","@id":"https:\/\/scemt.org\/#organization","name":"SCEMT","url":"https:\/\/scemt.org\/","logo":{"@type":"ImageObject","inLanguage":"es-AR","@id":"https:\/\/scemt.org\/#\/schema\/logo\/image\/","url":"https:\/\/scemt.org\/wp-content\/uploads\/2023\/03\/Logo-SCEMT.png","contentUrl":"https:\/\/scemt.org\/wp-content\/uploads\/2023\/03\/Logo-SCEMT.png","width":3794,"height":4393,"caption":"SCEMT"},"image":{"@id":"https:\/\/scemt.org\/#\/schema\/logo\/image\/"}}]}},"jetpack_sharing_enabled":true,"_links":{"self":[{"href":"https:\/\/scemt.org\/index.php?rest_route=\/wp\/v2\/pages\/39","targetHints":{"allow":["GET"]}}],"collection":[{"href":"https:\/\/scemt.org\/index.php?rest_route=\/wp\/v2\/pages"}],"about":[{"href":"https:\/\/scemt.org\/index.php?rest_route=\/wp\/v2\/types\/page"}],"author":[{"embeddable":true,"href":"https:\/\/scemt.org\/index.php?rest_route=\/wp\/v2\/users\/2"}],"replies":[{"embeddable":true,"href":"https:\/\/scemt.org\/index.php?rest_route=%2Fwp%2Fv2%2Fcomments&post=39"}],"version-history":[{"count":16,"href":"https:\/\/scemt.org\/index.php?rest_route=\/wp\/v2\/pages\/39\/revisions"}],"predecessor-version":[{"id":1802,"href":"https:\/\/scemt.org\/index.php?rest_route=\/wp\/v2\/pages\/39\/revisions\/1802"}],"wp:attachment":[{"href":"https:\/\/scemt.org\/index.php?rest_route=%2Fwp%2Fv2%2Fmedia&parent=39"}],"curies":[{"name":"wp","href":"https:\/\/api.w.org\/{rel}","templated":true}]}}