{"id":560,"date":"2020-05-05T11:02:03","date_gmt":"2020-05-05T14:02:03","guid":{"rendered":"https:\/\/scemt.org\/?page_id=560"},"modified":"2020-05-05T11:02:06","modified_gmt":"2020-05-05T14:02:06","slug":"1-de-abril-dia-nacional-del-donante-de-medula-osea","status":"publish","type":"page","link":"https:\/\/scemt.org\/?page_id=560","title":{"rendered":"1\u00b0 de Abril: D\u00eda Nacional del Donante de M\u00e9dula \u00d3sea"},"content":{"rendered":"\n<figure class=\"wp-block-image size-large\"><img loading=\"lazy\" decoding=\"async\" width=\"1024\" height=\"777\" src=\"https:\/\/scemt.org\/wp-content\/uploads\/2020\/03\/D\u00eda-del-donante-voluntario-de-m\u00e9dula-\u00f3sea-1024x777.png\" alt=\"\" class=\"wp-image-404\" srcset=\"https:\/\/scemt.org\/wp-content\/uploads\/2020\/03\/D\u00eda-del-donante-voluntario-de-m\u00e9dula-\u00f3sea-1024x777.png 1024w, https:\/\/scemt.org\/wp-content\/uploads\/2020\/03\/D\u00eda-del-donante-voluntario-de-m\u00e9dula-\u00f3sea-300x228.png 300w, https:\/\/scemt.org\/wp-content\/uploads\/2020\/03\/D\u00eda-del-donante-voluntario-de-m\u00e9dula-\u00f3sea-768x583.png 768w, https:\/\/scemt.org\/wp-content\/uploads\/2020\/03\/D\u00eda-del-donante-voluntario-de-m\u00e9dula-\u00f3sea-1536x1166.png 1536w, https:\/\/scemt.org\/wp-content\/uploads\/2020\/03\/D\u00eda-del-donante-voluntario-de-m\u00e9dula-\u00f3sea.png 2000w\" sizes=\"auto, (max-width: 1024px) 100vw, 1024px\" \/><\/figure>\n\n\n<p>En nuestro pa\u00eds, en esta fecha pero del a\u00f1o 2003, se cre\u00f3 el Registro Nacional de Donantes de C\u00e9lulas Progenitoras Hematopoy\u00e9ticas (CPH) y cada a\u00f1o, en su aniversario, se celebra el D\u00eda Nacional del Donante de M\u00e9dula \u00d3sea.<\/p>\n<p>Las CPH se producen en la m\u00e9dula \u00f3sea, que es el tejido esponjoso ubicado en el interior de los huesos. All\u00ed estas c\u00e9lulas madre producen todos los tipos celulares que componen nuestra sangre: gl\u00f3bulos rojos, gl\u00f3bulos blancos y plaquetas.<\/p>\n<p>La donaci\u00f3n de estas c\u00e9lulas es un acto voluntario, libre, solidario y gratuito que se compone de dos momentos:<\/p>\n<ul>\n<li>La inscripci\u00f3n: se realiza en los centros habilitados en los Servicios de Hemoterapia de los hospitales. Luego de una instancia informativa, el donante firma un consentimiento informado y la autoriza que se le practique una extracci\u00f3n de sangre para estudios serol\u00f3gicos y gen\u00e9ticos. As\u00ed se tipificar la muestra y el c\u00f3digo gen\u00e9tico se ingresa a la base inform\u00e1tica del registro nacional.<\/li>\n<li>La donaci\u00f3n: el donante s\u00f3lo ser\u00e1 contactado si resulta compatible con alg\u00fan paciente con indicaci\u00f3n de trasplante de CPH. La extracci\u00f3n es una pr\u00e1ctica ambulatoria en la que se aplican vacunas para liberar c\u00e9lulas madres al torrente sangu\u00edneo y as\u00ed poder recolectarlas mediante una t\u00e9cnica especial.<\/li>\n<\/ul>\n<p>Las c\u00e9lulas extra\u00eddas son enviadas al lugar donde se encuentre el paciente, para realizar el trasplante. Ni el donante ni el receptor deben viajar.<\/p>\n<p>Para ser donante se requiere gozar de buen estado de salud, tener entre 18 y 55 a\u00f1os, pesar m\u00e1s de 50 kilos y estar en condiciones de donar sangre.<\/p>\n<p style=\"text-align: center;\"><em>&lt;&lt; Dona vida en vida. &gt;&gt;<\/em><\/p>","protected":false},"excerpt":{"rendered":"<p>En nuestro pa\u00eds, en esta fecha pero del a\u00f1o 2003, se cre\u00f3 el Registro Nacional de Donantes de C\u00e9lulas Progenitoras Hematopoy\u00e9ticas (CPH) y cada a\u00f1o, en su aniversario, se celebra el D\u00eda Nacional del&#46;&#46;&#46;<\/p>\n","protected":false},"author":1,"featured_media":0,"parent":0,"menu_order":0,"comment_status":"closed","ping_status":"closed","template":"","meta":{"_mc_calendar":[],"footnotes":""},"class_list":["post-560","page","type-page","status-publish","hentry"],"yoast_head":"<!-- This site is optimized with the Yoast SEO plugin v25.2 - https:\/\/yoast.com\/wordpress\/plugins\/seo\/ -->\n<title>1\u00b0 de Abril: D\u00eda Nacional del Donante de M\u00e9dula \u00d3sea - SCEMT<\/title>\n<meta name=\"robots\" content=\"index, follow, max-snippet:-1, max-image-preview:large, max-video-preview:-1\" \/>\n<link rel=\"canonical\" href=\"https:\/\/scemt.org\/?page_id=560\" \/>\n<meta property=\"og:locale\" content=\"es_ES\" \/>\n<meta property=\"og:type\" content=\"article\" \/>\n<meta property=\"og:title\" content=\"1\u00b0 de Abril: D\u00eda Nacional del Donante de M\u00e9dula \u00d3sea - SCEMT\" \/>\n<meta property=\"og:description\" content=\"En nuestro pa\u00eds, en esta fecha pero del a\u00f1o 2003, se cre\u00f3 el Registro Nacional de Donantes de C\u00e9lulas Progenitoras Hematopoy\u00e9ticas (CPH) y cada a\u00f1o, en su aniversario, se celebra el D\u00eda Nacional del&#046;&#046;&#046;\" \/>\n<meta property=\"og:url\" content=\"https:\/\/scemt.org\/?page_id=560\" \/>\n<meta property=\"og:site_name\" content=\"SCEMT\" \/>\n<meta property=\"article:modified_time\" content=\"2020-05-05T14:02:06+00:00\" \/>\n<meta name=\"twitter:card\" content=\"summary_large_image\" \/>\n<meta name=\"twitter:label1\" content=\"Tiempo de lectura\" \/>\n\t<meta name=\"twitter:data1\" content=\"1 minuto\" \/>\n<script type=\"application\/ld+json\" class=\"yoast-schema-graph\">{\"@context\":\"https:\/\/schema.org\",\"@graph\":[{\"@type\":\"WebPage\",\"@id\":\"https:\/\/scemt.org\/?page_id=560\",\"url\":\"https:\/\/scemt.org\/?page_id=560\",\"name\":\"1\u00b0 de Abril: D\u00eda Nacional del Donante de M\u00e9dula \u00d3sea - SCEMT\",\"isPartOf\":{\"@id\":\"https:\/\/scemt.org\/#website\"},\"datePublished\":\"2020-05-05T14:02:03+00:00\",\"dateModified\":\"2020-05-05T14:02:06+00:00\",\"breadcrumb\":{\"@id\":\"https:\/\/scemt.org\/?page_id=560#breadcrumb\"},\"inLanguage\":\"es-AR\",\"potentialAction\":[{\"@type\":\"ReadAction\",\"target\":[\"https:\/\/scemt.org\/?page_id=560\"]}]},{\"@type\":\"BreadcrumbList\",\"@id\":\"https:\/\/scemt.org\/?page_id=560#breadcrumb\",\"itemListElement\":[{\"@type\":\"ListItem\",\"position\":1,\"name\":\"Inicio\",\"item\":\"https:\/\/scemt.org\/\"},{\"@type\":\"ListItem\",\"position\":2,\"name\":\"1\u00b0 de Abril: D\u00eda Nacional del Donante de M\u00e9dula \u00d3sea\"}]},{\"@type\":\"WebSite\",\"@id\":\"https:\/\/scemt.org\/#website\",\"url\":\"https:\/\/scemt.org\/\",\"name\":\"SCEMT\",\"description\":\"Sociedad Cient\u00edfica de Estudiantes de Medicina de Tucum\u00e1n\",\"publisher\":{\"@id\":\"https:\/\/scemt.org\/#organization\"},\"potentialAction\":[{\"@type\":\"SearchAction\",\"target\":{\"@type\":\"EntryPoint\",\"urlTemplate\":\"https:\/\/scemt.org\/?s={search_term_string}\"},\"query-input\":{\"@type\":\"PropertyValueSpecification\",\"valueRequired\":true,\"valueName\":\"search_term_string\"}}],\"inLanguage\":\"es-AR\"},{\"@type\":\"Organization\",\"@id\":\"https:\/\/scemt.org\/#organization\",\"name\":\"SCEMT\",\"url\":\"https:\/\/scemt.org\/\",\"logo\":{\"@type\":\"ImageObject\",\"inLanguage\":\"es-AR\",\"@id\":\"https:\/\/scemt.org\/#\/schema\/logo\/image\/\",\"url\":\"https:\/\/scemt.org\/wp-content\/uploads\/2023\/03\/Logo-SCEMT.png\",\"contentUrl\":\"https:\/\/scemt.org\/wp-content\/uploads\/2023\/03\/Logo-SCEMT.png\",\"width\":3794,\"height\":4393,\"caption\":\"SCEMT\"},\"image\":{\"@id\":\"https:\/\/scemt.org\/#\/schema\/logo\/image\/\"}}]}<\/script>\n<!-- \/ Yoast SEO plugin. -->","yoast_head_json":{"title":"1\u00b0 de Abril: D\u00eda Nacional del Donante de M\u00e9dula \u00d3sea - SCEMT","robots":{"index":"index","follow":"follow","max-snippet":"max-snippet:-1","max-image-preview":"max-image-preview:large","max-video-preview":"max-video-preview:-1"},"canonical":"https:\/\/scemt.org\/?page_id=560","og_locale":"es_ES","og_type":"article","og_title":"1\u00b0 de Abril: D\u00eda Nacional del Donante de M\u00e9dula \u00d3sea - SCEMT","og_description":"En nuestro pa\u00eds, en esta fecha pero del a\u00f1o 2003, se cre\u00f3 el Registro Nacional de Donantes de C\u00e9lulas Progenitoras Hematopoy\u00e9ticas (CPH) y cada a\u00f1o, en su aniversario, se celebra el D\u00eda Nacional del&#46;&#46;&#46;","og_url":"https:\/\/scemt.org\/?page_id=560","og_site_name":"SCEMT","article_modified_time":"2020-05-05T14:02:06+00:00","twitter_card":"summary_large_image","twitter_misc":{"Tiempo de lectura":"1 minuto"},"schema":{"@context":"https:\/\/schema.org","@graph":[{"@type":"WebPage","@id":"https:\/\/scemt.org\/?page_id=560","url":"https:\/\/scemt.org\/?page_id=560","name":"1\u00b0 de Abril: D\u00eda Nacional del Donante de M\u00e9dula \u00d3sea - SCEMT","isPartOf":{"@id":"https:\/\/scemt.org\/#website"},"datePublished":"2020-05-05T14:02:03+00:00","dateModified":"2020-05-05T14:02:06+00:00","breadcrumb":{"@id":"https:\/\/scemt.org\/?page_id=560#breadcrumb"},"inLanguage":"es-AR","potentialAction":[{"@type":"ReadAction","target":["https:\/\/scemt.org\/?page_id=560"]}]},{"@type":"BreadcrumbList","@id":"https:\/\/scemt.org\/?page_id=560#breadcrumb","itemListElement":[{"@type":"ListItem","position":1,"name":"Inicio","item":"https:\/\/scemt.org\/"},{"@type":"ListItem","position":2,"name":"1\u00b0 de Abril: D\u00eda Nacional del Donante de M\u00e9dula \u00d3sea"}]},{"@type":"WebSite","@id":"https:\/\/scemt.org\/#website","url":"https:\/\/scemt.org\/","name":"SCEMT","description":"Sociedad Cient\u00edfica de Estudiantes de Medicina de Tucum\u00e1n","publisher":{"@id":"https:\/\/scemt.org\/#organization"},"potentialAction":[{"@type":"SearchAction","target":{"@type":"EntryPoint","urlTemplate":"https:\/\/scemt.org\/?s={search_term_string}"},"query-input":{"@type":"PropertyValueSpecification","valueRequired":true,"valueName":"search_term_string"}}],"inLanguage":"es-AR"},{"@type":"Organization","@id":"https:\/\/scemt.org\/#organization","name":"SCEMT","url":"https:\/\/scemt.org\/","logo":{"@type":"ImageObject","inLanguage":"es-AR","@id":"https:\/\/scemt.org\/#\/schema\/logo\/image\/","url":"https:\/\/scemt.org\/wp-content\/uploads\/2023\/03\/Logo-SCEMT.png","contentUrl":"https:\/\/scemt.org\/wp-content\/uploads\/2023\/03\/Logo-SCEMT.png","width":3794,"height":4393,"caption":"SCEMT"},"image":{"@id":"https:\/\/scemt.org\/#\/schema\/logo\/image\/"}}]}},"jetpack_sharing_enabled":true,"_links":{"self":[{"href":"https:\/\/scemt.org\/index.php?rest_route=\/wp\/v2\/pages\/560","targetHints":{"allow":["GET"]}}],"collection":[{"href":"https:\/\/scemt.org\/index.php?rest_route=\/wp\/v2\/pages"}],"about":[{"href":"https:\/\/scemt.org\/index.php?rest_route=\/wp\/v2\/types\/page"}],"author":[{"embeddable":true,"href":"https:\/\/scemt.org\/index.php?rest_route=\/wp\/v2\/users\/1"}],"replies":[{"embeddable":true,"href":"https:\/\/scemt.org\/index.php?rest_route=%2Fwp%2Fv2%2Fcomments&post=560"}],"version-history":[{"count":1,"href":"https:\/\/scemt.org\/index.php?rest_route=\/wp\/v2\/pages\/560\/revisions"}],"predecessor-version":[{"id":561,"href":"https:\/\/scemt.org\/index.php?rest_route=\/wp\/v2\/pages\/560\/revisions\/561"}],"wp:attachment":[{"href":"https:\/\/scemt.org\/index.php?rest_route=%2Fwp%2Fv2%2Fmedia&parent=560"}],"curies":[{"name":"wp","href":"https:\/\/api.w.org\/{rel}","templated":true}]}}