{"id":568,"date":"2020-05-05T11:09:37","date_gmt":"2020-05-05T14:09:37","guid":{"rendered":"https:\/\/scemt.org\/?page_id=568"},"modified":"2020-05-05T11:09:39","modified_gmt":"2020-05-05T14:09:39","slug":"11-de-abril-dia-mundial-del-parkinson","status":"publish","type":"page","link":"https:\/\/scemt.org\/?page_id=568","title":{"rendered":"11 de Abril: D\u00eda Mundial del Parkinson"},"content":{"rendered":"\n<figure class=\"wp-block-image size-large\"><img loading=\"lazy\" decoding=\"async\" width=\"1024\" height=\"1007\" src=\"https:\/\/scemt.org\/wp-content\/uploads\/2020\/04\/Parkinson-3-1024x1007.jpg\" alt=\"\" class=\"wp-image-435\" srcset=\"https:\/\/scemt.org\/wp-content\/uploads\/2020\/04\/Parkinson-3-1024x1007.jpg 1024w, https:\/\/scemt.org\/wp-content\/uploads\/2020\/04\/Parkinson-3-300x295.jpg 300w, https:\/\/scemt.org\/wp-content\/uploads\/2020\/04\/Parkinson-3-768x756.jpg 768w, https:\/\/scemt.org\/wp-content\/uploads\/2020\/04\/Parkinson-3-1536x1511.jpg 1536w, https:\/\/scemt.org\/wp-content\/uploads\/2020\/04\/Parkinson-3-2048x2015.jpg 2048w\" sizes=\"auto, (max-width: 1024px) 100vw, 1024px\" \/><\/figure>\n\n\n<p>En 1997, la\u00a0Organizaci\u00f3n Mundial de la Salud\u00a0declar\u00f3 este d\u00eda, coincidiendo con el nacimiento de\u00a0James Parkinson, neur\u00f3logo brit\u00e1nico que, en 1817, padeci\u00f3 y descubri\u00f3 lo que en aquel tiempo llam\u00f3 <strong><em>par\u00e1lisis agitante<\/em><\/strong> y que hoy conocemos como enfermedad de Parkinson. En este d\u00eda se busca difundir la realidad del Parkinson y sensibilizar a la sociedad en general.<\/p>\n<p>La enfermedad de Parkinson es un trastorno neurodegenerativo lentamente progresivo. La edad promedio de inicio es alrededor de los 57 a\u00f1os y se considera que existe una predisposici\u00f3n gen\u00e9tica, al menos en algunos casos.<\/p>\n<p>En la mayor\u00eda de los pacientes, los s\u00edntomas comienzan de forma insidiosa. El temblor en reposo\u00a0de una mano es muchas veces el primer signo. Este se caracteriza por disminuir durante el movimiento, estar ausente durante el sue\u00f1o y aumentar con la tensi\u00f3n emocional o la fatiga Por lo general, las manos o los pies se afectan primero. Tambi\u00e9n pueden afectarse la mand\u00edbula y la lengua, pero no la voz.<\/p>\n<p>El paciente tambi\u00e9n puede padecer rigidez\u00a0(independientemente del temblor) y\u00a0movimientos lentos (con dificultad para iniciarlos). Estos pueden contribuir con los dolores musculares y las sensaciones de cansancio.<\/p>\n<p>En un periodo m\u00e1s tard\u00edo de la enfermedad puede aparecer\u00a0inestabilidad postural, que conduce a ca\u00eddas, y\u00a0demencia. Son frecuentes los\u00a0trastornos del sue\u00f1o.<\/p>\n<p>El diagn\u00f3stico de la enfermedad de Parkinson es cl\u00ednico. Bas\u00e1ndose en los signos y s\u00edntomas del paciente, el m\u00e9dico realiza un examen neurol\u00f3gico para confirmar o descartar dicha enfermedad.<\/p>\n<p>El tratamiento de esta enfermedad es principalmente farmacol\u00f3gico pero si este no es eficaz o tienen efectos adversos, se puede recurrir a la cirug\u00eda. Existen otros tratamientos que a\u00fan est\u00e1n en fase experimental, como por ejemplo, la terapia de ultrasonido focalizado.<\/p>\n<p style=\"text-align: center;\"><em>&lt;&lt; Conocerlo es el primer paso para combatirlo. &gt;&gt;<\/em><\/p>","protected":false},"excerpt":{"rendered":"<p>En 1997, la\u00a0Organizaci\u00f3n Mundial de la Salud\u00a0declar\u00f3 este d\u00eda, coincidiendo con el nacimiento de\u00a0James Parkinson, neur\u00f3logo brit\u00e1nico que, en 1817, padeci\u00f3 y descubri\u00f3 lo que en aquel tiempo llam\u00f3 par\u00e1lisis agitante y que hoy&#46;&#46;&#46;<\/p>\n","protected":false},"author":1,"featured_media":0,"parent":0,"menu_order":0,"comment_status":"closed","ping_status":"closed","template":"","meta":{"_mc_calendar":[],"footnotes":""},"class_list":["post-568","page","type-page","status-publish","hentry"],"yoast_head":"<!-- This site is optimized with the Yoast SEO plugin v25.2 - https:\/\/yoast.com\/wordpress\/plugins\/seo\/ -->\n<title>11 de Abril: D\u00eda Mundial del Parkinson - SCEMT<\/title>\n<meta name=\"robots\" content=\"index, follow, max-snippet:-1, max-image-preview:large, max-video-preview:-1\" \/>\n<link rel=\"canonical\" href=\"https:\/\/scemt.org\/?page_id=568\" \/>\n<meta property=\"og:locale\" content=\"es_ES\" \/>\n<meta property=\"og:type\" content=\"article\" \/>\n<meta property=\"og:title\" content=\"11 de Abril: D\u00eda Mundial del Parkinson - SCEMT\" \/>\n<meta property=\"og:description\" content=\"En 1997, la\u00a0Organizaci\u00f3n Mundial de la Salud\u00a0declar\u00f3 este d\u00eda, coincidiendo con el nacimiento de\u00a0James Parkinson, neur\u00f3logo brit\u00e1nico que, en 1817, padeci\u00f3 y descubri\u00f3 lo que en aquel tiempo llam\u00f3 par\u00e1lisis agitante y que hoy&#046;&#046;&#046;\" \/>\n<meta property=\"og:url\" content=\"https:\/\/scemt.org\/?page_id=568\" \/>\n<meta property=\"og:site_name\" content=\"SCEMT\" \/>\n<meta property=\"article:modified_time\" content=\"2020-05-05T14:09:39+00:00\" \/>\n<meta property=\"og:image\" content=\"https:\/\/scemt.org\/wp-content\/uploads\/2020\/04\/Parkinson-3.jpg\" \/>\n\t<meta property=\"og:image:width\" content=\"2283\" \/>\n\t<meta property=\"og:image:height\" content=\"2246\" \/>\n\t<meta property=\"og:image:type\" content=\"image\/jpeg\" \/>\n<meta name=\"twitter:card\" content=\"summary_large_image\" \/>\n<meta name=\"twitter:label1\" content=\"Tiempo de lectura\" \/>\n\t<meta name=\"twitter:data1\" content=\"2 minutos\" \/>\n<script type=\"application\/ld+json\" class=\"yoast-schema-graph\">{\"@context\":\"https:\/\/schema.org\",\"@graph\":[{\"@type\":\"WebPage\",\"@id\":\"https:\/\/scemt.org\/?page_id=568\",\"url\":\"https:\/\/scemt.org\/?page_id=568\",\"name\":\"11 de Abril: D\u00eda Mundial del Parkinson - SCEMT\",\"isPartOf\":{\"@id\":\"https:\/\/scemt.org\/#website\"},\"primaryImageOfPage\":{\"@id\":\"https:\/\/scemt.org\/?page_id=568#primaryimage\"},\"image\":{\"@id\":\"https:\/\/scemt.org\/?page_id=568#primaryimage\"},\"thumbnailUrl\":\"https:\/\/scemt.org\/wp-content\/uploads\/2020\/04\/Parkinson-3-1024x1007.jpg\",\"datePublished\":\"2020-05-05T14:09:37+00:00\",\"dateModified\":\"2020-05-05T14:09:39+00:00\",\"breadcrumb\":{\"@id\":\"https:\/\/scemt.org\/?page_id=568#breadcrumb\"},\"inLanguage\":\"es-AR\",\"potentialAction\":[{\"@type\":\"ReadAction\",\"target\":[\"https:\/\/scemt.org\/?page_id=568\"]}]},{\"@type\":\"ImageObject\",\"inLanguage\":\"es-AR\",\"@id\":\"https:\/\/scemt.org\/?page_id=568#primaryimage\",\"url\":\"https:\/\/scemt.org\/wp-content\/uploads\/2020\/04\/Parkinson-3.jpg\",\"contentUrl\":\"https:\/\/scemt.org\/wp-content\/uploads\/2020\/04\/Parkinson-3.jpg\",\"width\":2283,\"height\":2246},{\"@type\":\"BreadcrumbList\",\"@id\":\"https:\/\/scemt.org\/?page_id=568#breadcrumb\",\"itemListElement\":[{\"@type\":\"ListItem\",\"position\":1,\"name\":\"Inicio\",\"item\":\"https:\/\/scemt.org\/\"},{\"@type\":\"ListItem\",\"position\":2,\"name\":\"11 de Abril: D\u00eda Mundial del Parkinson\"}]},{\"@type\":\"WebSite\",\"@id\":\"https:\/\/scemt.org\/#website\",\"url\":\"https:\/\/scemt.org\/\",\"name\":\"SCEMT\",\"description\":\"Sociedad Cient\u00edfica de Estudiantes de Medicina de Tucum\u00e1n\",\"publisher\":{\"@id\":\"https:\/\/scemt.org\/#organization\"},\"potentialAction\":[{\"@type\":\"SearchAction\",\"target\":{\"@type\":\"EntryPoint\",\"urlTemplate\":\"https:\/\/scemt.org\/?s={search_term_string}\"},\"query-input\":{\"@type\":\"PropertyValueSpecification\",\"valueRequired\":true,\"valueName\":\"search_term_string\"}}],\"inLanguage\":\"es-AR\"},{\"@type\":\"Organization\",\"@id\":\"https:\/\/scemt.org\/#organization\",\"name\":\"SCEMT\",\"url\":\"https:\/\/scemt.org\/\",\"logo\":{\"@type\":\"ImageObject\",\"inLanguage\":\"es-AR\",\"@id\":\"https:\/\/scemt.org\/#\/schema\/logo\/image\/\",\"url\":\"https:\/\/scemt.org\/wp-content\/uploads\/2023\/03\/Logo-SCEMT.png\",\"contentUrl\":\"https:\/\/scemt.org\/wp-content\/uploads\/2023\/03\/Logo-SCEMT.png\",\"width\":3794,\"height\":4393,\"caption\":\"SCEMT\"},\"image\":{\"@id\":\"https:\/\/scemt.org\/#\/schema\/logo\/image\/\"}}]}<\/script>\n<!-- \/ Yoast SEO plugin. -->","yoast_head_json":{"title":"11 de Abril: D\u00eda Mundial del Parkinson - SCEMT","robots":{"index":"index","follow":"follow","max-snippet":"max-snippet:-1","max-image-preview":"max-image-preview:large","max-video-preview":"max-video-preview:-1"},"canonical":"https:\/\/scemt.org\/?page_id=568","og_locale":"es_ES","og_type":"article","og_title":"11 de Abril: D\u00eda Mundial del Parkinson - SCEMT","og_description":"En 1997, la\u00a0Organizaci\u00f3n Mundial de la Salud\u00a0declar\u00f3 este d\u00eda, coincidiendo con el nacimiento de\u00a0James Parkinson, neur\u00f3logo brit\u00e1nico que, en 1817, padeci\u00f3 y descubri\u00f3 lo que en aquel tiempo llam\u00f3 par\u00e1lisis agitante y que hoy&#46;&#46;&#46;","og_url":"https:\/\/scemt.org\/?page_id=568","og_site_name":"SCEMT","article_modified_time":"2020-05-05T14:09:39+00:00","og_image":[{"width":2283,"height":2246,"url":"https:\/\/scemt.org\/wp-content\/uploads\/2020\/04\/Parkinson-3.jpg","type":"image\/jpeg"}],"twitter_card":"summary_large_image","twitter_misc":{"Tiempo de lectura":"2 minutos"},"schema":{"@context":"https:\/\/schema.org","@graph":[{"@type":"WebPage","@id":"https:\/\/scemt.org\/?page_id=568","url":"https:\/\/scemt.org\/?page_id=568","name":"11 de Abril: D\u00eda Mundial del Parkinson - SCEMT","isPartOf":{"@id":"https:\/\/scemt.org\/#website"},"primaryImageOfPage":{"@id":"https:\/\/scemt.org\/?page_id=568#primaryimage"},"image":{"@id":"https:\/\/scemt.org\/?page_id=568#primaryimage"},"thumbnailUrl":"https:\/\/scemt.org\/wp-content\/uploads\/2020\/04\/Parkinson-3-1024x1007.jpg","datePublished":"2020-05-05T14:09:37+00:00","dateModified":"2020-05-05T14:09:39+00:00","breadcrumb":{"@id":"https:\/\/scemt.org\/?page_id=568#breadcrumb"},"inLanguage":"es-AR","potentialAction":[{"@type":"ReadAction","target":["https:\/\/scemt.org\/?page_id=568"]}]},{"@type":"ImageObject","inLanguage":"es-AR","@id":"https:\/\/scemt.org\/?page_id=568#primaryimage","url":"https:\/\/scemt.org\/wp-content\/uploads\/2020\/04\/Parkinson-3.jpg","contentUrl":"https:\/\/scemt.org\/wp-content\/uploads\/2020\/04\/Parkinson-3.jpg","width":2283,"height":2246},{"@type":"BreadcrumbList","@id":"https:\/\/scemt.org\/?page_id=568#breadcrumb","itemListElement":[{"@type":"ListItem","position":1,"name":"Inicio","item":"https:\/\/scemt.org\/"},{"@type":"ListItem","position":2,"name":"11 de Abril: D\u00eda Mundial del Parkinson"}]},{"@type":"WebSite","@id":"https:\/\/scemt.org\/#website","url":"https:\/\/scemt.org\/","name":"SCEMT","description":"Sociedad Cient\u00edfica de Estudiantes de Medicina de Tucum\u00e1n","publisher":{"@id":"https:\/\/scemt.org\/#organization"},"potentialAction":[{"@type":"SearchAction","target":{"@type":"EntryPoint","urlTemplate":"https:\/\/scemt.org\/?s={search_term_string}"},"query-input":{"@type":"PropertyValueSpecification","valueRequired":true,"valueName":"search_term_string"}}],"inLanguage":"es-AR"},{"@type":"Organization","@id":"https:\/\/scemt.org\/#organization","name":"SCEMT","url":"https:\/\/scemt.org\/","logo":{"@type":"ImageObject","inLanguage":"es-AR","@id":"https:\/\/scemt.org\/#\/schema\/logo\/image\/","url":"https:\/\/scemt.org\/wp-content\/uploads\/2023\/03\/Logo-SCEMT.png","contentUrl":"https:\/\/scemt.org\/wp-content\/uploads\/2023\/03\/Logo-SCEMT.png","width":3794,"height":4393,"caption":"SCEMT"},"image":{"@id":"https:\/\/scemt.org\/#\/schema\/logo\/image\/"}}]}},"jetpack_sharing_enabled":true,"_links":{"self":[{"href":"https:\/\/scemt.org\/index.php?rest_route=\/wp\/v2\/pages\/568","targetHints":{"allow":["GET"]}}],"collection":[{"href":"https:\/\/scemt.org\/index.php?rest_route=\/wp\/v2\/pages"}],"about":[{"href":"https:\/\/scemt.org\/index.php?rest_route=\/wp\/v2\/types\/page"}],"author":[{"embeddable":true,"href":"https:\/\/scemt.org\/index.php?rest_route=\/wp\/v2\/users\/1"}],"replies":[{"embeddable":true,"href":"https:\/\/scemt.org\/index.php?rest_route=%2Fwp%2Fv2%2Fcomments&post=568"}],"version-history":[{"count":1,"href":"https:\/\/scemt.org\/index.php?rest_route=\/wp\/v2\/pages\/568\/revisions"}],"predecessor-version":[{"id":569,"href":"https:\/\/scemt.org\/index.php?rest_route=\/wp\/v2\/pages\/568\/revisions\/569"}],"wp:attachment":[{"href":"https:\/\/scemt.org\/index.php?rest_route=%2Fwp%2Fv2%2Fmedia&parent=568"}],"curies":[{"name":"wp","href":"https:\/\/api.w.org\/{rel}","templated":true}]}}