{"id":680,"date":"2020-05-08T00:16:59","date_gmt":"2020-05-08T03:16:59","guid":{"rendered":"https:\/\/scemt.org\/?page_id=680"},"modified":"2020-05-08T00:17:02","modified_gmt":"2020-05-08T03:17:02","slug":"8-de-mayo-dia-mundial-del-cancer-de-ovario","status":"publish","type":"page","link":"https:\/\/scemt.org\/?page_id=680","title":{"rendered":"8 de Mayo: D\u00eda Mundial del C\u00e1ncer de Ovario"},"content":{"rendered":"\n<figure class=\"wp-block-image size-large\"><img loading=\"lazy\" decoding=\"async\" width=\"1024\" height=\"1024\" src=\"https:\/\/scemt.org\/wp-content\/uploads\/2020\/05\/20200506_153840_0000-1024x1024.png\" alt=\"\" class=\"wp-image-681\" srcset=\"https:\/\/scemt.org\/wp-content\/uploads\/2020\/05\/20200506_153840_0000-1024x1024.png 1024w, https:\/\/scemt.org\/wp-content\/uploads\/2020\/05\/20200506_153840_0000-300x300.png 300w, https:\/\/scemt.org\/wp-content\/uploads\/2020\/05\/20200506_153840_0000-150x150.png 150w, https:\/\/scemt.org\/wp-content\/uploads\/2020\/05\/20200506_153840_0000-768x768.png 768w, https:\/\/scemt.org\/wp-content\/uploads\/2020\/05\/20200506_153840_0000-1536x1536.png 1536w, https:\/\/scemt.org\/wp-content\/uploads\/2020\/05\/20200506_153840_0000-2048x2048.png 2048w, https:\/\/scemt.org\/wp-content\/uploads\/2020\/05\/20200506_153840_0000-160x160.png 160w, https:\/\/scemt.org\/wp-content\/uploads\/2020\/05\/20200506_153840_0000-320x320.png 320w\" sizes=\"auto, (max-width: 1024px) 100vw, 1024px\" \/><\/figure>\n\n\n<p>Esta es una fecha establecida con el prop\u00f3sito de concientizar sobre este c\u00e1ncer femenino, cuya tasa de supervivencia es la m\u00e1s baja, y acerca del cual a\u00fan existe muy poco conocimiento.<\/p>\n<p>El c\u00e1ncer de ovario es una enfermedad que se produce cuando las c\u00e9lulas de \u00e9sta g\u00f3nada comienzan a crecer en forma descontrolada dando como resultado tumores que pueden ser de distintas estirpes celulares.\u00a0<\/p>\n<p>Entre los factores de riesgo se destacan edad, h\u00e1bitos como el tabaquismo, obesidad, terapia hormonal, posterior a la menopausia y antecedentes familiares de c\u00e1ncer de ovario, mama o c\u00e1ncer colorectal.<\/p>\n<p>Este c\u00e1ncer en estadio temprano rara vez causa s\u00edntomas. En estadio avanzado puede causar algunos s\u00edntomas no espec\u00edficos que se suelen confundir con afecciones benignas m\u00e1s frecuentes, como ser: hinchaz\u00f3n o inflamaci\u00f3n abdominal, r\u00e1pida sensaci\u00f3n de saciedad al comer, adelgazamiento, molestias en la zona de la pelvis, cambios en los h\u00e1bitos intestinales (como estre\u00f1imiento), necesidad frecuente de orinar, entre otros.<\/p>\n<p>El c\u00e1ncer de ovario con frecuencia se detecta cuando este ya se ha expandido a la pelvis y el abdomen. En este estadio tard\u00edo, en m\u00e1s dif\u00edcil tratarlo. El tratamiento en un estadio temprano, cuando la enfermedad se encuentra solo en el ovario, tiene m\u00e1s probabilidades de ser exitoso. Generalmente, la cirug\u00eda y la quimioterapia se utilizan como tratamiento.<\/p>\n<p>En Argentina, el c\u00e1ncer de ovario es el quinto m\u00e1s com\u00fan en las mujeres, con unos 2.300 casos nuevos por a\u00f1o. Es la sexta causa de mortalidad por c\u00e1ncer en mujeres. Hasta el momento no existen pruebas que permitan detectar la enfermedad en fase temprana, y sus s\u00edntomas pueden confundirse con un simple dolor de est\u00f3mago o enfermedades menos graves.\u00a0<\/p>\n<p>Es importante conocer cu\u00e1les son los factores de riesgo y realizar controles ginecol\u00f3gicos regularmente para evitar su diagn\u00f3stico tard\u00edo.<\/p>\n<p style=\"text-align: center;\"><em>&lt;&lt; Mujer, comparte tu poder. &gt;&gt;<\/em><\/p>","protected":false},"excerpt":{"rendered":"<p>Esta es una fecha establecida con el prop\u00f3sito de concientizar sobre este c\u00e1ncer femenino, cuya tasa de supervivencia es la m\u00e1s baja, y acerca del cual a\u00fan existe muy poco conocimiento. El c\u00e1ncer de&#46;&#46;&#46;<\/p>\n","protected":false},"author":1,"featured_media":0,"parent":0,"menu_order":0,"comment_status":"closed","ping_status":"closed","template":"","meta":{"_mc_calendar":[],"footnotes":""},"class_list":["post-680","page","type-page","status-publish","hentry"],"yoast_head":"<!-- This site is optimized with the Yoast SEO plugin v25.2 - https:\/\/yoast.com\/wordpress\/plugins\/seo\/ -->\n<title>8 de Mayo: D\u00eda Mundial del C\u00e1ncer de Ovario - SCEMT<\/title>\n<meta name=\"robots\" content=\"index, follow, max-snippet:-1, max-image-preview:large, max-video-preview:-1\" \/>\n<link rel=\"canonical\" href=\"https:\/\/scemt.org\/?page_id=680\" \/>\n<meta property=\"og:locale\" content=\"es_ES\" \/>\n<meta property=\"og:type\" content=\"article\" \/>\n<meta property=\"og:title\" content=\"8 de Mayo: D\u00eda Mundial del C\u00e1ncer de Ovario - SCEMT\" \/>\n<meta property=\"og:description\" content=\"Esta es una fecha establecida con el prop\u00f3sito de concientizar sobre este c\u00e1ncer femenino, cuya tasa de supervivencia es la m\u00e1s baja, y acerca del cual a\u00fan existe muy poco conocimiento. El c\u00e1ncer de&#046;&#046;&#046;\" \/>\n<meta property=\"og:url\" content=\"https:\/\/scemt.org\/?page_id=680\" \/>\n<meta property=\"og:site_name\" content=\"SCEMT\" \/>\n<meta property=\"article:modified_time\" content=\"2020-05-08T03:17:02+00:00\" \/>\n<meta property=\"og:image\" content=\"https:\/\/scemt.org\/wp-content\/uploads\/2020\/05\/20200506_153840_0000.png\" \/>\n\t<meta property=\"og:image:width\" content=\"2160\" \/>\n\t<meta property=\"og:image:height\" content=\"2160\" \/>\n\t<meta property=\"og:image:type\" content=\"image\/png\" \/>\n<meta name=\"twitter:card\" content=\"summary_large_image\" \/>\n<meta name=\"twitter:label1\" content=\"Tiempo de lectura\" \/>\n\t<meta name=\"twitter:data1\" content=\"2 minutos\" \/>\n<script type=\"application\/ld+json\" class=\"yoast-schema-graph\">{\"@context\":\"https:\/\/schema.org\",\"@graph\":[{\"@type\":\"WebPage\",\"@id\":\"https:\/\/scemt.org\/?page_id=680\",\"url\":\"https:\/\/scemt.org\/?page_id=680\",\"name\":\"8 de Mayo: D\u00eda Mundial del C\u00e1ncer de Ovario - SCEMT\",\"isPartOf\":{\"@id\":\"https:\/\/scemt.org\/#website\"},\"primaryImageOfPage\":{\"@id\":\"https:\/\/scemt.org\/?page_id=680#primaryimage\"},\"image\":{\"@id\":\"https:\/\/scemt.org\/?page_id=680#primaryimage\"},\"thumbnailUrl\":\"https:\/\/scemt.org\/wp-content\/uploads\/2020\/05\/20200506_153840_0000-1024x1024.png\",\"datePublished\":\"2020-05-08T03:16:59+00:00\",\"dateModified\":\"2020-05-08T03:17:02+00:00\",\"breadcrumb\":{\"@id\":\"https:\/\/scemt.org\/?page_id=680#breadcrumb\"},\"inLanguage\":\"es-AR\",\"potentialAction\":[{\"@type\":\"ReadAction\",\"target\":[\"https:\/\/scemt.org\/?page_id=680\"]}]},{\"@type\":\"ImageObject\",\"inLanguage\":\"es-AR\",\"@id\":\"https:\/\/scemt.org\/?page_id=680#primaryimage\",\"url\":\"https:\/\/scemt.org\/wp-content\/uploads\/2020\/05\/20200506_153840_0000.png\",\"contentUrl\":\"https:\/\/scemt.org\/wp-content\/uploads\/2020\/05\/20200506_153840_0000.png\",\"width\":2160,\"height\":2160},{\"@type\":\"BreadcrumbList\",\"@id\":\"https:\/\/scemt.org\/?page_id=680#breadcrumb\",\"itemListElement\":[{\"@type\":\"ListItem\",\"position\":1,\"name\":\"Inicio\",\"item\":\"https:\/\/scemt.org\/\"},{\"@type\":\"ListItem\",\"position\":2,\"name\":\"8 de Mayo: D\u00eda Mundial del C\u00e1ncer de Ovario\"}]},{\"@type\":\"WebSite\",\"@id\":\"https:\/\/scemt.org\/#website\",\"url\":\"https:\/\/scemt.org\/\",\"name\":\"SCEMT\",\"description\":\"Sociedad Cient\u00edfica de Estudiantes de Medicina de Tucum\u00e1n\",\"publisher\":{\"@id\":\"https:\/\/scemt.org\/#organization\"},\"potentialAction\":[{\"@type\":\"SearchAction\",\"target\":{\"@type\":\"EntryPoint\",\"urlTemplate\":\"https:\/\/scemt.org\/?s={search_term_string}\"},\"query-input\":{\"@type\":\"PropertyValueSpecification\",\"valueRequired\":true,\"valueName\":\"search_term_string\"}}],\"inLanguage\":\"es-AR\"},{\"@type\":\"Organization\",\"@id\":\"https:\/\/scemt.org\/#organization\",\"name\":\"SCEMT\",\"url\":\"https:\/\/scemt.org\/\",\"logo\":{\"@type\":\"ImageObject\",\"inLanguage\":\"es-AR\",\"@id\":\"https:\/\/scemt.org\/#\/schema\/logo\/image\/\",\"url\":\"https:\/\/scemt.org\/wp-content\/uploads\/2023\/03\/Logo-SCEMT.png\",\"contentUrl\":\"https:\/\/scemt.org\/wp-content\/uploads\/2023\/03\/Logo-SCEMT.png\",\"width\":3794,\"height\":4393,\"caption\":\"SCEMT\"},\"image\":{\"@id\":\"https:\/\/scemt.org\/#\/schema\/logo\/image\/\"}}]}<\/script>\n<!-- \/ Yoast SEO plugin. -->","yoast_head_json":{"title":"8 de Mayo: D\u00eda Mundial del C\u00e1ncer de Ovario - SCEMT","robots":{"index":"index","follow":"follow","max-snippet":"max-snippet:-1","max-image-preview":"max-image-preview:large","max-video-preview":"max-video-preview:-1"},"canonical":"https:\/\/scemt.org\/?page_id=680","og_locale":"es_ES","og_type":"article","og_title":"8 de Mayo: D\u00eda Mundial del C\u00e1ncer de Ovario - SCEMT","og_description":"Esta es una fecha establecida con el prop\u00f3sito de concientizar sobre este c\u00e1ncer femenino, cuya tasa de supervivencia es la m\u00e1s baja, y acerca del cual a\u00fan existe muy poco conocimiento. El c\u00e1ncer de&#46;&#46;&#46;","og_url":"https:\/\/scemt.org\/?page_id=680","og_site_name":"SCEMT","article_modified_time":"2020-05-08T03:17:02+00:00","og_image":[{"width":2160,"height":2160,"url":"https:\/\/scemt.org\/wp-content\/uploads\/2020\/05\/20200506_153840_0000.png","type":"image\/png"}],"twitter_card":"summary_large_image","twitter_misc":{"Tiempo de lectura":"2 minutos"},"schema":{"@context":"https:\/\/schema.org","@graph":[{"@type":"WebPage","@id":"https:\/\/scemt.org\/?page_id=680","url":"https:\/\/scemt.org\/?page_id=680","name":"8 de Mayo: D\u00eda Mundial del C\u00e1ncer de Ovario - SCEMT","isPartOf":{"@id":"https:\/\/scemt.org\/#website"},"primaryImageOfPage":{"@id":"https:\/\/scemt.org\/?page_id=680#primaryimage"},"image":{"@id":"https:\/\/scemt.org\/?page_id=680#primaryimage"},"thumbnailUrl":"https:\/\/scemt.org\/wp-content\/uploads\/2020\/05\/20200506_153840_0000-1024x1024.png","datePublished":"2020-05-08T03:16:59+00:00","dateModified":"2020-05-08T03:17:02+00:00","breadcrumb":{"@id":"https:\/\/scemt.org\/?page_id=680#breadcrumb"},"inLanguage":"es-AR","potentialAction":[{"@type":"ReadAction","target":["https:\/\/scemt.org\/?page_id=680"]}]},{"@type":"ImageObject","inLanguage":"es-AR","@id":"https:\/\/scemt.org\/?page_id=680#primaryimage","url":"https:\/\/scemt.org\/wp-content\/uploads\/2020\/05\/20200506_153840_0000.png","contentUrl":"https:\/\/scemt.org\/wp-content\/uploads\/2020\/05\/20200506_153840_0000.png","width":2160,"height":2160},{"@type":"BreadcrumbList","@id":"https:\/\/scemt.org\/?page_id=680#breadcrumb","itemListElement":[{"@type":"ListItem","position":1,"name":"Inicio","item":"https:\/\/scemt.org\/"},{"@type":"ListItem","position":2,"name":"8 de Mayo: D\u00eda Mundial del C\u00e1ncer de Ovario"}]},{"@type":"WebSite","@id":"https:\/\/scemt.org\/#website","url":"https:\/\/scemt.org\/","name":"SCEMT","description":"Sociedad Cient\u00edfica de Estudiantes de Medicina de Tucum\u00e1n","publisher":{"@id":"https:\/\/scemt.org\/#organization"},"potentialAction":[{"@type":"SearchAction","target":{"@type":"EntryPoint","urlTemplate":"https:\/\/scemt.org\/?s={search_term_string}"},"query-input":{"@type":"PropertyValueSpecification","valueRequired":true,"valueName":"search_term_string"}}],"inLanguage":"es-AR"},{"@type":"Organization","@id":"https:\/\/scemt.org\/#organization","name":"SCEMT","url":"https:\/\/scemt.org\/","logo":{"@type":"ImageObject","inLanguage":"es-AR","@id":"https:\/\/scemt.org\/#\/schema\/logo\/image\/","url":"https:\/\/scemt.org\/wp-content\/uploads\/2023\/03\/Logo-SCEMT.png","contentUrl":"https:\/\/scemt.org\/wp-content\/uploads\/2023\/03\/Logo-SCEMT.png","width":3794,"height":4393,"caption":"SCEMT"},"image":{"@id":"https:\/\/scemt.org\/#\/schema\/logo\/image\/"}}]}},"jetpack_sharing_enabled":true,"_links":{"self":[{"href":"https:\/\/scemt.org\/index.php?rest_route=\/wp\/v2\/pages\/680","targetHints":{"allow":["GET"]}}],"collection":[{"href":"https:\/\/scemt.org\/index.php?rest_route=\/wp\/v2\/pages"}],"about":[{"href":"https:\/\/scemt.org\/index.php?rest_route=\/wp\/v2\/types\/page"}],"author":[{"embeddable":true,"href":"https:\/\/scemt.org\/index.php?rest_route=\/wp\/v2\/users\/1"}],"replies":[{"embeddable":true,"href":"https:\/\/scemt.org\/index.php?rest_route=%2Fwp%2Fv2%2Fcomments&post=680"}],"version-history":[{"count":1,"href":"https:\/\/scemt.org\/index.php?rest_route=\/wp\/v2\/pages\/680\/revisions"}],"predecessor-version":[{"id":682,"href":"https:\/\/scemt.org\/index.php?rest_route=\/wp\/v2\/pages\/680\/revisions\/682"}],"wp:attachment":[{"href":"https:\/\/scemt.org\/index.php?rest_route=%2Fwp%2Fv2%2Fmedia&parent=680"}],"curies":[{"name":"wp","href":"https:\/\/api.w.org\/{rel}","templated":true}]}}