{"id":742,"date":"2020-06-11T01:38:32","date_gmt":"2020-06-11T04:38:32","guid":{"rendered":"https:\/\/scemt.org\/?page_id=742"},"modified":"2020-06-11T01:41:03","modified_gmt":"2020-06-11T04:41:03","slug":"11-de-junio-dia-mundial-del-cancer-de-prostata","status":"publish","type":"page","link":"https:\/\/scemt.org\/?page_id=742","title":{"rendered":"11 de Junio: D\u00eda Mundial del C\u00e1ncer de Pr\u00f3stata"},"content":{"rendered":"<p><img loading=\"lazy\" decoding=\"async\" class=\"wp-image-744 size-full aligncenter\" src=\"https:\/\/scemt.org\/wp-content\/uploads\/2020\/06\/11J_01.jpg\" width=\"1080\" height=\"1080\" srcset=\"https:\/\/scemt.org\/wp-content\/uploads\/2020\/06\/11J_01.jpg 1080w, https:\/\/scemt.org\/wp-content\/uploads\/2020\/06\/11J_01-300x300.jpg 300w, https:\/\/scemt.org\/wp-content\/uploads\/2020\/06\/11J_01-1024x1024.jpg 1024w, https:\/\/scemt.org\/wp-content\/uploads\/2020\/06\/11J_01-150x150.jpg 150w, https:\/\/scemt.org\/wp-content\/uploads\/2020\/06\/11J_01-768x768.jpg 768w, https:\/\/scemt.org\/wp-content\/uploads\/2020\/06\/11J_01-160x160.jpg 160w, https:\/\/scemt.org\/wp-content\/uploads\/2020\/06\/11J_01-320x320.jpg 320w\" sizes=\"auto, (max-width: 1080px) 100vw, 1080px\" \/><\/p>\n<p>Este d\u00eda se celebra con el prop\u00f3sito de sensibilizar a la sociedad sobre esta enfermedad e informar de la importancia del diagn\u00f3stico precoz y los recursos para su tratamiento.<\/p>\n<p>El c\u00e1ncer de pr\u00f3stata es una enfermedad producida por el crecimiento descontrolado de las c\u00e9lulas de la pr\u00f3stata. Esta gl\u00e1ndula masculina se encuentra por debajo de la vejiga y produce parte del l\u00edquido que conforma el semen.<\/p>\n<p>Si bien no se conocen las causas que originan el c\u00e1ncer de pr\u00f3stata, existen factores de riesgo que favorecen su desarrollo: edad (a partir de los 50 a\u00f1os las probabilidades de padecer este c\u00e1ncer aumentan considerablemente), antecedentes familiares (mayor riesgo si padre o hermano tuvieron esta enfermedad) y activa liberaci\u00f3n de testosterona (la dihidrotestosterona estimula los alfa-receptores de la pr\u00f3stata).<\/p>\n<p>Generalmente este tumor crece muy lentamente, por lo que a menudo no presenta s\u00edntomas tempranos. En etapas avanzadas, los s\u00edntomas m\u00e1s frecuentes son: aumento en la frecuencia al orinar, flujo urinario d\u00e9bil, urgencia al orinar, sangrado en la orina y dolor p\u00e9lvico o lumbar.<\/p>\n<p>Los ex\u00e1menes para detectar el c\u00e1ncer de pr\u00f3stata en estadios tempranos consisten en la realizaci\u00f3n de un an\u00e1lisis de sangre para medir el Ant\u00edgeno Prost\u00e1tico Espec\u00edfico (PSA) y en un examen digital a trav\u00e9s del recto. El diagn\u00f3stico definitivo se determina a trav\u00e9s de una biopsia prost\u00e1tica.<\/p>\n<p>Existen distintos tipos de tratamiento para el c\u00e1ncer de pr\u00f3stata: vigilancia activa, cirug\u00eda, prostatectom\u00eda, radioterapia, crioterapia, quimioterapia, terapia biol\u00f3gica, ultrasonido enfocado de alta intensiad, hormonoterapia. <\/p>\n<p style=\"text-align:center;\"><em>&lt;&lt; Una vez al a\u00f1o no hace da\u00f1o. &gt;&gt;<\/em><\/p>\n","protected":false},"excerpt":{"rendered":"<p>Este d\u00eda se celebra con el prop\u00f3sito de sensibilizar a la sociedad sobre esta enfermedad e informar de la importancia del diagn\u00f3stico precoz y los recursos para su tratamiento. El c\u00e1ncer de pr\u00f3stata es&#46;&#46;&#46;<\/p>\n","protected":false},"author":1,"featured_media":0,"parent":0,"menu_order":0,"comment_status":"open","ping_status":"closed","template":"","meta":{"_mc_calendar":[],"footnotes":""},"class_list":["post-742","page","type-page","status-publish","hentry"],"yoast_head":"<!-- This site is optimized with the Yoast SEO plugin v25.2 - https:\/\/yoast.com\/wordpress\/plugins\/seo\/ -->\n<title>11 de Junio: D\u00eda Mundial del C\u00e1ncer de Pr\u00f3stata - SCEMT<\/title>\n<meta name=\"robots\" content=\"index, follow, max-snippet:-1, max-image-preview:large, max-video-preview:-1\" \/>\n<link rel=\"canonical\" href=\"https:\/\/scemt.org\/?page_id=742\" \/>\n<meta property=\"og:locale\" content=\"es_ES\" \/>\n<meta property=\"og:type\" content=\"article\" \/>\n<meta property=\"og:title\" content=\"11 de Junio: D\u00eda Mundial del C\u00e1ncer de Pr\u00f3stata - SCEMT\" \/>\n<meta property=\"og:description\" content=\"Este d\u00eda se celebra con el prop\u00f3sito de sensibilizar a la sociedad sobre esta enfermedad e informar de la importancia del diagn\u00f3stico precoz y los recursos para su tratamiento. El c\u00e1ncer de pr\u00f3stata es&#046;&#046;&#046;\" \/>\n<meta property=\"og:url\" content=\"https:\/\/scemt.org\/?page_id=742\" \/>\n<meta property=\"og:site_name\" content=\"SCEMT\" \/>\n<meta property=\"article:modified_time\" content=\"2020-06-11T04:41:03+00:00\" \/>\n<meta property=\"og:image\" content=\"https:\/\/scemt.org\/wp-content\/uploads\/2020\/06\/11J_01.jpg\" \/>\n\t<meta property=\"og:image:width\" content=\"1080\" \/>\n\t<meta property=\"og:image:height\" content=\"1080\" \/>\n\t<meta property=\"og:image:type\" content=\"image\/jpeg\" \/>\n<meta name=\"twitter:card\" content=\"summary_large_image\" \/>\n<meta name=\"twitter:label1\" content=\"Tiempo de lectura\" \/>\n\t<meta name=\"twitter:data1\" content=\"1 minuto\" \/>\n<script type=\"application\/ld+json\" class=\"yoast-schema-graph\">{\"@context\":\"https:\/\/schema.org\",\"@graph\":[{\"@type\":\"WebPage\",\"@id\":\"https:\/\/scemt.org\/?page_id=742\",\"url\":\"https:\/\/scemt.org\/?page_id=742\",\"name\":\"11 de Junio: D\u00eda Mundial del C\u00e1ncer de Pr\u00f3stata - SCEMT\",\"isPartOf\":{\"@id\":\"https:\/\/scemt.org\/#website\"},\"primaryImageOfPage\":{\"@id\":\"https:\/\/scemt.org\/?page_id=742#primaryimage\"},\"image\":{\"@id\":\"https:\/\/scemt.org\/?page_id=742#primaryimage\"},\"thumbnailUrl\":\"https:\/\/scemt.org\/wp-content\/uploads\/2020\/06\/11J_01.jpg\",\"datePublished\":\"2020-06-11T04:38:32+00:00\",\"dateModified\":\"2020-06-11T04:41:03+00:00\",\"breadcrumb\":{\"@id\":\"https:\/\/scemt.org\/?page_id=742#breadcrumb\"},\"inLanguage\":\"es-AR\",\"potentialAction\":[{\"@type\":\"ReadAction\",\"target\":[\"https:\/\/scemt.org\/?page_id=742\"]}]},{\"@type\":\"ImageObject\",\"inLanguage\":\"es-AR\",\"@id\":\"https:\/\/scemt.org\/?page_id=742#primaryimage\",\"url\":\"https:\/\/scemt.org\/wp-content\/uploads\/2020\/06\/11J_01.jpg\",\"contentUrl\":\"https:\/\/scemt.org\/wp-content\/uploads\/2020\/06\/11J_01.jpg\",\"width\":1080,\"height\":1080},{\"@type\":\"BreadcrumbList\",\"@id\":\"https:\/\/scemt.org\/?page_id=742#breadcrumb\",\"itemListElement\":[{\"@type\":\"ListItem\",\"position\":1,\"name\":\"Inicio\",\"item\":\"https:\/\/scemt.org\/\"},{\"@type\":\"ListItem\",\"position\":2,\"name\":\"11 de Junio: D\u00eda Mundial del C\u00e1ncer de Pr\u00f3stata\"}]},{\"@type\":\"WebSite\",\"@id\":\"https:\/\/scemt.org\/#website\",\"url\":\"https:\/\/scemt.org\/\",\"name\":\"SCEMT\",\"description\":\"\",\"publisher\":{\"@id\":\"https:\/\/scemt.org\/#organization\"},\"potentialAction\":[{\"@type\":\"SearchAction\",\"target\":{\"@type\":\"EntryPoint\",\"urlTemplate\":\"https:\/\/scemt.org\/?s={search_term_string}\"},\"query-input\":{\"@type\":\"PropertyValueSpecification\",\"valueRequired\":true,\"valueName\":\"search_term_string\"}}],\"inLanguage\":\"es-AR\"},{\"@type\":\"Organization\",\"@id\":\"https:\/\/scemt.org\/#organization\",\"name\":\"SCEMT\",\"url\":\"https:\/\/scemt.org\/\",\"logo\":{\"@type\":\"ImageObject\",\"inLanguage\":\"es-AR\",\"@id\":\"https:\/\/scemt.org\/#\/schema\/logo\/image\/\",\"url\":\"https:\/\/scemt.org\/wp-content\/uploads\/2023\/03\/Logo-SCEMT.png\",\"contentUrl\":\"https:\/\/scemt.org\/wp-content\/uploads\/2023\/03\/Logo-SCEMT.png\",\"width\":3794,\"height\":4393,\"caption\":\"SCEMT\"},\"image\":{\"@id\":\"https:\/\/scemt.org\/#\/schema\/logo\/image\/\"}}]}<\/script>\n<!-- \/ Yoast SEO plugin. -->","yoast_head_json":{"title":"11 de Junio: D\u00eda Mundial del C\u00e1ncer de Pr\u00f3stata - SCEMT","robots":{"index":"index","follow":"follow","max-snippet":"max-snippet:-1","max-image-preview":"max-image-preview:large","max-video-preview":"max-video-preview:-1"},"canonical":"https:\/\/scemt.org\/?page_id=742","og_locale":"es_ES","og_type":"article","og_title":"11 de Junio: D\u00eda Mundial del C\u00e1ncer de Pr\u00f3stata - SCEMT","og_description":"Este d\u00eda se celebra con el prop\u00f3sito de sensibilizar a la sociedad sobre esta enfermedad e informar de la importancia del diagn\u00f3stico precoz y los recursos para su tratamiento. El c\u00e1ncer de pr\u00f3stata es&#46;&#46;&#46;","og_url":"https:\/\/scemt.org\/?page_id=742","og_site_name":"SCEMT","article_modified_time":"2020-06-11T04:41:03+00:00","og_image":[{"width":1080,"height":1080,"url":"https:\/\/scemt.org\/wp-content\/uploads\/2020\/06\/11J_01.jpg","type":"image\/jpeg"}],"twitter_card":"summary_large_image","twitter_misc":{"Tiempo de lectura":"1 minuto"},"schema":{"@context":"https:\/\/schema.org","@graph":[{"@type":"WebPage","@id":"https:\/\/scemt.org\/?page_id=742","url":"https:\/\/scemt.org\/?page_id=742","name":"11 de Junio: D\u00eda Mundial del C\u00e1ncer de Pr\u00f3stata - SCEMT","isPartOf":{"@id":"https:\/\/scemt.org\/#website"},"primaryImageOfPage":{"@id":"https:\/\/scemt.org\/?page_id=742#primaryimage"},"image":{"@id":"https:\/\/scemt.org\/?page_id=742#primaryimage"},"thumbnailUrl":"https:\/\/scemt.org\/wp-content\/uploads\/2020\/06\/11J_01.jpg","datePublished":"2020-06-11T04:38:32+00:00","dateModified":"2020-06-11T04:41:03+00:00","breadcrumb":{"@id":"https:\/\/scemt.org\/?page_id=742#breadcrumb"},"inLanguage":"es-AR","potentialAction":[{"@type":"ReadAction","target":["https:\/\/scemt.org\/?page_id=742"]}]},{"@type":"ImageObject","inLanguage":"es-AR","@id":"https:\/\/scemt.org\/?page_id=742#primaryimage","url":"https:\/\/scemt.org\/wp-content\/uploads\/2020\/06\/11J_01.jpg","contentUrl":"https:\/\/scemt.org\/wp-content\/uploads\/2020\/06\/11J_01.jpg","width":1080,"height":1080},{"@type":"BreadcrumbList","@id":"https:\/\/scemt.org\/?page_id=742#breadcrumb","itemListElement":[{"@type":"ListItem","position":1,"name":"Inicio","item":"https:\/\/scemt.org\/"},{"@type":"ListItem","position":2,"name":"11 de Junio: D\u00eda Mundial del C\u00e1ncer de Pr\u00f3stata"}]},{"@type":"WebSite","@id":"https:\/\/scemt.org\/#website","url":"https:\/\/scemt.org\/","name":"SCEMT","description":"","publisher":{"@id":"https:\/\/scemt.org\/#organization"},"potentialAction":[{"@type":"SearchAction","target":{"@type":"EntryPoint","urlTemplate":"https:\/\/scemt.org\/?s={search_term_string}"},"query-input":{"@type":"PropertyValueSpecification","valueRequired":true,"valueName":"search_term_string"}}],"inLanguage":"es-AR"},{"@type":"Organization","@id":"https:\/\/scemt.org\/#organization","name":"SCEMT","url":"https:\/\/scemt.org\/","logo":{"@type":"ImageObject","inLanguage":"es-AR","@id":"https:\/\/scemt.org\/#\/schema\/logo\/image\/","url":"https:\/\/scemt.org\/wp-content\/uploads\/2023\/03\/Logo-SCEMT.png","contentUrl":"https:\/\/scemt.org\/wp-content\/uploads\/2023\/03\/Logo-SCEMT.png","width":3794,"height":4393,"caption":"SCEMT"},"image":{"@id":"https:\/\/scemt.org\/#\/schema\/logo\/image\/"}}]}},"jetpack_sharing_enabled":true,"_links":{"self":[{"href":"https:\/\/scemt.org\/index.php?rest_route=\/wp\/v2\/pages\/742","targetHints":{"allow":["GET"]}}],"collection":[{"href":"https:\/\/scemt.org\/index.php?rest_route=\/wp\/v2\/pages"}],"about":[{"href":"https:\/\/scemt.org\/index.php?rest_route=\/wp\/v2\/types\/page"}],"author":[{"embeddable":true,"href":"https:\/\/scemt.org\/index.php?rest_route=\/wp\/v2\/users\/1"}],"replies":[{"embeddable":true,"href":"https:\/\/scemt.org\/index.php?rest_route=%2Fwp%2Fv2%2Fcomments&post=742"}],"version-history":[{"count":4,"href":"https:\/\/scemt.org\/index.php?rest_route=\/wp\/v2\/pages\/742\/revisions"}],"predecessor-version":[{"id":747,"href":"https:\/\/scemt.org\/index.php?rest_route=\/wp\/v2\/pages\/742\/revisions\/747"}],"wp:attachment":[{"href":"https:\/\/scemt.org\/index.php?rest_route=%2Fwp%2Fv2%2Fmedia&parent=742"}],"curies":[{"name":"wp","href":"https:\/\/api.w.org\/{rel}","templated":true}]}}